{"id":3147,"date":"2023-12-14T18:32:06","date_gmt":"2023-12-14T17:32:06","guid":{"rendered":"https:\/\/8thsociodramaconference.com\/transgenerational-sociodrama\/"},"modified":"2024-03-07T05:38:27","modified_gmt":"2024-03-07T04:38:27","slug":"transgenerational-sociodrama","status":"publish","type":"page","link":"https:\/\/8thsociodramaconference.com\/hu\/transgenerational-sociodrama\/","title":{"rendered":"Workshop Transgenerational Sociodrama"},"content":{"rendered":"<section class=\"wpb-content-wrapper\">[vc_row][vc_column][mk_fancy_title font_family=&#8221;none&#8221;]\n<h3 style=\"text-align: center;\">El\u0151konferencia Workshop \/\/ 2024. m\u00e1rcius<\/h3>\n[\/mk_fancy_title][mk_divider][\/vc_column][\/vc_row][vc_row][vc_column width=&#8221;1\/2&#8243;][mk_image src=&#8221;https:\/\/8thsociodramaconference.com\/wp-content\/uploads\/2024\/03\/TRANSZGENERACIOS-SZOCIODRAMA.png&#8221; crop=&#8221;false&#8221; hover=&#8221;false&#8221; align=&#8221;center&#8221;][mk_padding_divider][vc_btn title=&#8221;REGISZTR\u00c1CI\u00d3 \u00c9S BANKK\u00c1RTY\u00c1S FIZET\u00c9S&#8221; color=&#8221;peacoc&#8221; size=&#8221;lg&#8221; align=&#8221;center&#8221; button_block=&#8221;true&#8221; link=&#8221;url:https%3A%2F%2F8thsociodramaconference.com%2Fhu%2Fitems%2Felokonferencia-workshop-transzgeneracios-szociodrama-marcius-15%2F|target:_blank&#8221;][vc_btn title=&#8221;REGISZTR\u00c1CI\u00d3 \u00c9S BANKI UTAL\u00c1S&#8221; color=&#8221;peacoc&#8221; size=&#8221;lg&#8221; align=&#8221;center&#8221; button_block=&#8221;true&#8221; link=&#8221;url:https%3A%2F%2Fforms.gle%2FSMboPFqyXrpvFxgz6|target:_blank&#8221;][vc_message message_box_color=&#8221;grey&#8221;]<b>ID\u0150TARTAM: <\/b>1-napos workshop<b><br \/>\nD\u00c1TUM: <\/b>M\u00e1rcius\u00a0 15. P\u00e9ntek, 9:30-18:00 (m\u00e1sf\u00e9l\u00f3ra eb\u00e9dsz\u00fcnettel)<br \/>\n<b>HELYSZ\u00cdN:<\/b> Valyo B\u00e1zis, 1114 Budapest, Kosztol\u00e1nyi Dezs\u0151 t\u00e9r 7.<br \/>\n<b>R\u00c9SZV\u00c9TELI D\u00cdJ:<\/b> 30.000 HUF<br \/>\n<b>NYELV: <span style=\"font-weight: 400;\">a workshop nyelve angol \u00e9s magyar (tolm\u00e1csol\u00e1st biztos\u00edtunk)<\/span><\/b>[\/vc_message][\/vc_column][vc_column width=&#8221;1\/2&#8243;][vc_column_text]\n<h4 style=\"text-align: center;\"><strong>Kollekt\u00edv mint\u00e1zatok a magyar t\u00e1rsadalomban<br \/>\n<\/strong><strong>Transzgener\u00e1ci\u00f3s szociodr\u00e1ma workshop Budapesten<\/strong><\/h4>\n<p style=\"text-align: center;\"><strong>Egynapos workshop Budapesten <\/strong><strong>Manuela Maciel <\/strong>\u00e9s<strong>\u00a0Galg\u00f3czi Krisztina vezet\u00e9s\u00e9vel<\/strong><\/p>\n<p><span style=\"font-weight: 400;\">A szociodr\u00e1ma kit\u0171n\u0151 eszk\u00f6z, hogy egy csoport, egy k\u00f6z\u00f6ss\u00e9g vagy ak\u00e1r egy eg\u00e9sz t\u00e1rsadalom k\u00f6z\u00f6s t\u00e9m\u00e1ival foglalkozzunk, \u00e9s egy\u00fctt gondolkozzunk a neh\u00e9zs\u00e9geken \u00e9s a megold\u00e1si lehet\u0151s\u00e9geken. A transzgener\u00e1ci\u00f3s megk\u00f6zel\u00edt\u00e9s lehet\u0151v\u00e9 teszi hogy felismerj\u00fck milyen mint\u00e1zatokat \u00f6r\u00f6k\u00f6lt\u00fcnk el\u0151deinkt\u0151l. E mint\u00e1zatok gyakran kollekt\u00edv traum\u00e1kb\u00f3l erednek.<\/span><\/p>\n<p><span style=\"font-weight: 400;\">Workshopunk e k\u00e9t szeml\u00e9letm\u00f3dot &#8211; a szociodr\u00e1m\u00e1t \u00e9s a transzgener\u00e1ci\u00f3s megk\u00f6zel\u00edt\u00e9st &#8211; \u00f6tv\u00f6zi. A csoport a magyar t\u00e1rsadalomban \u00e9rz\u00e9kelhet\u0151 dinamik\u00e1k \u00e9s kollekt\u00edv mint\u00e1zatok m\u00e9lyebb meg\u00e9rt\u00e9s\u00e9re t\u00f6rekszik. A csoporttagokat foglalkoztat\u00f3 k\u00e9rd\u00e9sekb\u0151l kiindulva keress\u00fck k\u00f6z\u00f6sen a v\u00e1laszokat, hogy e dinamik\u00e1k \u00e9s mint\u00e1zatok mik\u00e9pp alak\u00edthat\u00f3ak? <\/span><span style=\"font-weight: 400;\">Hogyan \u00e9p\u00edthet\u00fcnk hidakat egym\u00e1s k\u00f6z\u00f6tt?<\/span>[\/vc_column_text][\/vc_column][\/vc_row][vc_row][vc_column][mk_padding_divider][vc_column_text]\n<p style=\"text-align: center;\"><strong>A workshopon val\u00f3 r\u00e9szv\u00e9tellel a r\u00e9sztvev\u0151k:<\/strong><\/p>\n<ul>\n<li style=\"font-weight: 400;\" aria-level=\"1\"><span style=\"font-weight: 400;\">megtapasztalhatj\u00e1k, hogyan eg\u00e9sz\u00edti ki egym\u00e1st a szociodr\u00e1ma \u00e9s a transzgener\u00e1ci\u00f3s szeml\u00e9let.<\/span><\/li>\n<li style=\"font-weight: 400;\" aria-level=\"1\"><span style=\"font-weight: 400;\">felfedezhetik hogyan alkalmazhat\u00f3k ezek a m\u00f3dszerek t\u00e1rsadalmi jelens\u00e9gek meg\u00e9rt\u00e9s\u00e9ben \u00e9s kezel\u00e9s\u00e9ben.<\/span><\/li>\n<li style=\"font-weight: 400;\" aria-level=\"1\"><span style=\"font-weight: 400;\">felismerhetik azokat a kor\u00e1bbi gener\u00e1ci\u00f3kt\u00f3l \u00f6r\u00f6k\u00f6lt t\u00e1rsadalmi mint\u00e1zatokat, amelyek kihatnak jelen m\u0171k\u00f6d\u00e9s\u00fcnkre.<\/span><\/li>\n<li style=\"font-weight: 400;\" aria-level=\"1\"><span style=\"font-weight: 400;\">kipr\u00f3b\u00e1lhatnak olyan strat\u00e9gi\u00e1kat, melyek el\u0151seg\u00edtik a ny\u00edlt p\u00e1rbesz\u00e9det, \u00e9s a m\u00e1sik \u00e1ll\u00e1spontj\u00e1nak meg\u00e9rt\u00e9s\u00e9t.<\/span><\/li>\n<\/ul>\n<p style=\"text-align: center;\"><span style=\"font-weight: 400;\"><strong>M\u00d3DSZERTAN<br \/>\n<\/strong><\/span><span style=\"font-weight: 400;\">Miut\u00e1n azonos\u00edtottunk n\u00e9h\u00e1ny ism\u00e9tl\u0151d\u0151 kollekt\u00edv transzgener\u00e1ci\u00f3s mint\u00e1zatot, egy kiv\u00e1lasztott t\u00e9ma sz\u00ednpadra \u00e1ll\u00edt\u00e1s\u00e1n kereszt\u00fcl pr\u00f3b\u00e1ljuk k\u00f6z\u00f6sen meg\u00e9rteni ezeknek a mint\u00e1zatoknak \u00e9s traum\u00e1knak a hat\u00e1s\u00e1t \u00e9s \u00fczenet\u00e9t. Ezt k\u00f6vet\u0151en megkeress\u00fck azokat az er\u0151forr\u00e1sokat, amelyek seg\u00edthetnek a feldolgoz\u00e1sban, s ezek r\u00e9v\u00e9n jutunk el a <\/span><i><span style=\"font-weight: 400;\">realit\u00e1s t\u00f6bbletbe,<\/span><\/i><span style=\"font-weight: 400;\"> ahol a szociodr\u00e1ma igazi gy\u00f3gy\u00edt\u00f3 ereje rejlik, \u00e9s keres\u00fcnk alternat\u00edv feldolgoz\u00e1si m\u00f3dokat a kollekt\u00edv traum\u00e1kra.<\/span><\/p>\n[\/vc_column_text][\/vc_column][\/vc_row][mk_page_section][vc_column][vc_toggle title=&#8221;A M\u0170HELY VEZET\u0150I&#8221;]Manuela Maciel &#8211; Krisztina Galg\u00f3czi<\/p>\n<div id=\":1zz\" class=\"Ar Au Ao\">\n<div id=\":1zv\" class=\"Am aiL Al editable LW-avf tS-tW tS-tY\" tabindex=\"1\" role=\"textbox\" contenteditable=\"true\" spellcheck=\"false\" aria-label=\"Message Body\" aria-multiline=\"true\" aria-owns=\":22v\" aria-controls=\":22v\" aria-expanded=\"false\">\n<p><span style=\"font-weight: 400;\"><strong>Manuela Maciel:<\/strong> (Portug\u00e1lia) klinikai \u00e9s szoci\u00e1lpszichol\u00f3gus, pszichodr\u00e1ma \u00e9s szociodr\u00e1ma vezet\u0151, EMDR terapeuta,\u00a0 az <\/span><i><span style=\"font-weight: 400;\">EMDR Portugal<\/span><\/i><span style=\"font-weight: 400;\"> valamint az <\/span><i><span style=\"font-weight: 400;\">International Sociodrama Conference<\/span><\/i><span style=\"font-weight: 400;\"> alap\u00edt\u00f3ja.<\/span><span style=\"font-weight: 400;\">\u00a0<\/span><\/p>\n<p><span style=\"font-weight: 400;\">Manuela egy t\u00f6bb \u00e9vtizedes tapasztalattal rendelkez\u0151 egy\u00e9ni \u00e9s csoportterapeuta, kik\u00e9pz\u0151. Az IAGP &#8211; International Association of Group Psychotherapy and Group Processes &#8211; Pszichodr\u00e1ma Szekci\u00f3j\u00e1nak eln\u00f6ke volt 2003-2009-ig. Tagja a Portug\u00e1l Pszichodr\u00e1ma T\u00e1rsas\u00e1g (SPP) igazgat\u00f3s\u00e1g\u00e1nak, szupervizor \u00e9s kik\u00e9pz\u0151. Manuela Anne Ancelin Sch\u00fctzenberger tan\u00edtv\u00e1nyak\u00e9nt k\u00e9pz\u0151d\u00f6tt a pszichogeneal\u00f3gia ter\u00fclet\u00e9n, de ezenk\u00edv\u00fcl kognit\u00edv viselked\u00e9sterapeuta \u00e9s EMDR terapeuta is. Az <\/span><i><span style=\"font-weight: 400;\">EMDR Portug\u00e1lia<\/span><\/i><span style=\"font-weight: 400;\"> alap\u00edt\u00f3ja \u00e9s eln\u00f6ke, valamint az <\/span><i><span style=\"font-weight: 400;\">International Sociodrama Conference<\/span><\/i><span style=\"font-weight: 400;\"> alap\u00edt\u00f3ja \u00e9s tan\u00e1csad\u00f3ja volt (2007-2018). Sz\u00e1mos kiadv\u00e1ny \u00e9s publik\u00e1ci\u00f3 szerkeszt\u00f3je a pszichodr\u00e1ma, szociodr\u00e1ma \u00e9s transzgener\u00e1ci\u00f3s ter\u00e1pia t\u00e9mak\u00f6r\u00e9ben.<\/span><\/p>\n<p><span style=\"font-weight: 400;\"><strong>Galg\u00f3czi Krisztina<\/strong>, pszichodr\u00e1ma \u00e9s szociodr\u00e1ma vezet\u0151<br \/>\n<\/span><\/p>\n<p><span style=\"font-weight: 400;\">7 \u00e9ve akt\u00edvan foglalkozik szociodr\u00e1m\u00e1val egyetemi oktat\u00e1sban, iskol\u00e1kban, szoci\u00e1lis int\u00e9zm\u00e9nyekben \u00e9s nyilv\u00e1nos szociodr\u00e1ma alkalmakon k\u00f6z\u00f6ss\u00e9gi \u00e9s\u00a0 t\u00e1rsadalmi k\u00e9rd\u00e9sek feldolgoz\u00e1s\u00e1ra. Hisz abban, hogy szociodr\u00e1m\u00e1val t\u00e1rasadalmi szint\u0171 v\u00e1ltoz\u00e1sok \u00e9rhet\u0151k el.\u00a0 Az MPE Szociodr\u00e1ma Szekci\u00f3j\u00e1t vezeti 2019 \u00f3ta. Transzgener\u00e1ci\u00f3s k\u00e9pz\u00e9s\u00e9t az Anne Ancelin Sch\u00fctzberger International School of Transgenerational Therapy-ban kezdte 2016-ban \u00e9s 2023-ban fejezte be Manuela Maciel tan\u00edtv\u00e1nyak\u00e9nt.\u00a0<\/span><\/p>\n<p>&nbsp;<\/p>\n<p>&nbsp;<\/p>\n<p><span style=\"font-weight: 400;\">\u00a0<\/span><\/p>\n<\/div>\n<\/div>\n[\/vc_toggle][vc_column_text][\/vc_column_text][\/vc_column][\/mk_page_section]\n<\/section>","protected":false},"excerpt":{"rendered":"<p>[vc_row][vc_column][mk_fancy_title font_family=&#8221;none&#8221;] El\u0151konferencia Workshop \/\/ 2024. m\u00e1rcius [\/mk_fancy_title][mk_divider][\/vc_column][\/vc_row][vc_row][vc_column width=&#8221;1\/2&#8243;][mk_image src=&#8221;https:\/\/8thsociodramaconference.com\/wp-content\/uploads\/2024\/03\/TRANSZGENERACIOS-SZOCIODRAMA.png&#8221; crop=&#8221;false&#8221; hover=&#8221;false&#8221; align=&#8221;center&#8221;][mk_padding_divider][vc_btn title=&#8221;REGISZTR\u00c1CI\u00d3 \u00c9S BANKK\u00c1RTY\u00c1S FIZET\u00c9S&#8221; color=&#8221;peacoc&#8221; size=&#8221;lg&#8221; align=&#8221;center&#8221; button_block=&#8221;true&#8221; link=&#8221;url:https%3A%2F%2F8thsociodramaconference.com%2Fhu%2Fitems%2Felokonferencia-workshop-transzgeneracios-szociodrama-marcius-15%2F|target:_blank&#8221;][vc_btn title=&#8221;REGISZTR\u00c1CI\u00d3 \u00c9S BANKI UTAL\u00c1S&#8221; color=&#8221;peacoc&#8221; size=&#8221;lg&#8221; align=&#8221;center&#8221; button_block=&#8221;true&#8221; link=&#8221;url:https%3A%2F%2Fforms.gle%2FSMboPFqyXrpvFxgz6|target:_blank&#8221;][vc_message message_box_color=&#8221;grey&#8221;]ID\u0150TARTAM: 1-napos workshop D\u00c1TUM: M\u00e1rcius\u00a0 15. P\u00e9ntek, 9:30-18:00 (m\u00e1sf\u00e9l\u00f3ra eb\u00e9dsz\u00fcnettel) HELYSZ\u00cdN: Valyo B\u00e1zis, 1114 Budapest, Kosztol\u00e1nyi Dezs\u0151 t\u00e9r 7. R\u00c9SZV\u00c9TELI D\u00cdJ: 30.000 HUF NYELV: [&hellip;]<\/p>\n","protected":false},"author":1,"featured_media":0,"parent":0,"menu_order":0,"comment_status":"closed","ping_status":"closed","template":"","meta":{"footnotes":""},"class_list":["post-3147","page","type-page","status-publish","hentry"],"_links":{"self":[{"href":"https:\/\/8thsociodramaconference.com\/hu\/wp-json\/wp\/v2\/pages\/3147","targetHints":{"allow":["GET"]}}],"collection":[{"href":"https:\/\/8thsociodramaconference.com\/hu\/wp-json\/wp\/v2\/pages"}],"about":[{"href":"https:\/\/8thsociodramaconference.com\/hu\/wp-json\/wp\/v2\/types\/page"}],"author":[{"embeddable":true,"href":"https:\/\/8thsociodramaconference.com\/hu\/wp-json\/wp\/v2\/users\/1"}],"replies":[{"embeddable":true,"href":"https:\/\/8thsociodramaconference.com\/hu\/wp-json\/wp\/v2\/comments?post=3147"}],"version-history":[{"count":12,"href":"https:\/\/8thsociodramaconference.com\/hu\/wp-json\/wp\/v2\/pages\/3147\/revisions"}],"predecessor-version":[{"id":5616,"href":"https:\/\/8thsociodramaconference.com\/hu\/wp-json\/wp\/v2\/pages\/3147\/revisions\/5616"}],"wp:attachment":[{"href":"https:\/\/8thsociodramaconference.com\/hu\/wp-json\/wp\/v2\/media?parent=3147"}],"curies":[{"name":"wp","href":"https:\/\/api.w.org\/{rel}","templated":true}]}}