{"id":2918,"date":"2023-12-06T13:25:33","date_gmt":"2023-12-06T12:25:33","guid":{"rendered":"https:\/\/8thsociodramaconference.com\/organisations-action-methods\/"},"modified":"2024-02-12T19:47:18","modified_gmt":"2024-02-12T18:47:18","slug":"kreativ-akciomodszerek","status":"publish","type":"page","link":"https:\/\/8thsociodramaconference.com\/hu\/kreativ-akciomodszerek\/","title":{"rendered":"Workshop Kreat\u00edv akciomodszerek a szervezetekben"},"content":{"rendered":"<section class=\"wpb-content-wrapper\">[vc_row][vc_column][mk_fancy_title font_family=&#8221;none&#8221;]\n<h3 style=\"text-align: center;\">El\u0151konferencia Workshop \/\/ 2024. febru\u00e1r<\/h3>\n[\/mk_fancy_title][mk_divider][\/vc_column][\/vc_row][vc_row][vc_column width=&#8221;1\/2&#8243;][mk_image src=&#8221;https:\/\/8thsociodramaconference.com\/wp-content\/uploads\/2024\/01\/Biztonsagerzet-es-reziliencia.png&#8221; crop=&#8221;false&#8221; hover=&#8221;false&#8221; align=&#8221;center&#8221;][mk_padding_divider][vc_btn title=&#8221;REGISZTR\u00c1CI\u00d3 \u00c9S FIZET\u00c9S BANKK\u00c1RTY\u00c1VAL&#8221; color=&#8221;peacoc&#8221; size=&#8221;lg&#8221; align=&#8221;center&#8221; button_block=&#8221;true&#8221; link=&#8221;url:https%3A%2F%2F8thsociodramaconference.com%2Fhu%2Fproductcategory%2Fprekonferencia_febr9vagy10%2F|target:_blank&#8221;][vc_btn title=&#8221;REGISZTR\u00c1CI\u00d3 \u00c9S BANKI UTAL\u00c1S&#8221; color=&#8221;peacoc&#8221; size=&#8221;lg&#8221; align=&#8221;center&#8221; button_block=&#8221;true&#8221; link=&#8221;url:https%3A%2F%2Fforms.gle%2F46ASB5iTWwFckpP39|target:_blank&#8221;][vc_message message_box_color=&#8221;grey&#8221;]<b>ID\u0150TARTAM: <\/b>1-napos workshop<b><br \/>\nD\u00c1TUM 1: <\/b>Febru\u00e1r\u00a0 9. P\u00e9ntek, 9:30-18:00 (m\u00e1sf\u00e9l\u00f3ra eb\u00e9dsz\u00fcnettel)<br \/>\n<b>D\u00c1TUM 2: <\/b>Febru\u00e1r\u00a0 10. Szombat, 9:30-18:00 (m\u00e1sf\u00e9l\u00f3ra eb\u00e9dsz\u00fcnettel)<br \/>\n<b>HELYSZ\u00cdN:<\/b> Valyo B\u00e1zis, 1114 Budapest, Kosztol\u00e1nyi Dezs\u0151 t\u00e9r 7.<br \/>\n<b>R\u00c9SZV\u00c9TELI D\u00cdJ:<\/b> 30.000 HUF<br \/>\n<b>NYELV: <\/b>a workshop nyelve angol, magyar tolm\u00e1csol\u00e1ssal[\/vc_message][\/vc_column][vc_column width=&#8221;1\/2&#8243;][vc_column_text]\n<h4 style=\"text-align: center;\">A biztons\u00e1g\u00e9rzet \u00e9s a reziliencia fel\u00e9p\u00edt\u00e9se munkak\u00f6z\u00f6ss\u00e9gekben:<br \/>\nKreat\u00edv akci\u00f3m\u00f3dszerek a szervezetekben<\/h4>\n<p style=\"text-align: center;\">Egynapos workshop Budapesten <strong>Valerie Monti Holland <\/strong>\u00e9s<strong> Irina Stefanescu <\/strong>vezet\u00e9s\u00e9vel<\/p>\n<p>Manaps\u00e1g, sokkal ink\u00e1bb mint valaha, a vil\u00e1g tele van olyan v\u00e1ltoz\u00e1sokkal, amelyeket nem tudunk ir\u00e1ny\u00edtani \u00e9s amelyekre nem tudunk el\u0151re felk\u00e9sz\u00fclni.<br \/>\nHogyan t\u00e1mogathatj\u00e1k a szervezetek egy ilyen id\u0151szakban dolgoz\u00f3ikat?<br \/>\nHogyan alkothatnak olyan v\u00edzi\u00f3t, amely egyszerre \u00f6szt\u00f6n\u00f6z \u00e9s v\u00e9delmet is ny\u00fajt?<\/p>\n<p>Workshopunkon szociodr\u00e1m\u00e1t \u00e9s kreat\u00edv akci\u00f3m\u00f3dszereket haszn\u00e1lunk, annak \u00e9rdek\u00e9ben, hogy k\u00f6z\u00f6sen azonos\u00edtsuk \u00e9s megalkossuk azokat a konkr\u00e9t \u00e9s vil\u00e1gos \u00fczeneteket amelyek, stabilit\u00e1st ny\u00fajtanak a viharban.<\/p>\n<p>Workshopunkat szervezetfejleszt\u0151knek, valamint tr\u00e9nereknek, coachoknak, pszichodr\u00e1ma \u00e9s szociodr\u00e1ma szakembereknek sz\u00e1njuk, akik a szervezeti neh\u00e9zs\u00e9gekkel val\u00f3 munk\u00e1hoz keresnek eszk\u00f6z\u00f6ket.<\/p>\n<p>#szociodr\u00e1ma, # akci\u00f3m\u00f3dszerek, #szervezetfejleszt\u00e9s, #v\u00edzi\u00f3, #identit\u00e1s, #szerepelm\u00e9let, #kultur\u00e1lis atom&#8221;[\/vc_column_text][\/vc_column][\/vc_row][mk_page_section][vc_column][vc_toggle title=&#8221;A M\u0170HELY VEZET\u0150I (ENG)&#8221;]Valerie Monti Holland &#8211; BPA, AC; Irina Stefanescu &#8211; BPA, APsiC, EuCF<\/p>\n<p>&nbsp;<\/p>\n<div id=\":1zz\" class=\"Ar Au Ao\">\n<div id=\":1zv\" class=\"Am aiL Al editable LW-avf tS-tW tS-tY\" tabindex=\"1\" role=\"textbox\" contenteditable=\"true\" spellcheck=\"false\" aria-label=\"Message Body\" aria-multiline=\"true\" aria-owns=\":22v\" aria-controls=\":22v\" aria-expanded=\"false\">\n<p><strong>Valerie Monti Holland,<\/strong> MA, Sociodrama Trainer &amp; Executive Committee Member of the BPA, from the UK<br \/>\nValerie is a sociodramatist working as a facilitator and coach across all sectors and throughout the world. She also chairs the Equality and Diversity in Action committee and is an External Relations rep for the BPA.<\/p>\n<p><strong>Irina Stefanescu, MSc., member of ARPsiC and BPA.<\/strong><br \/>\nPractitioner of sociodrama since 2012 and of psychodrama since 2009, as well as an accredited coach since 2005, Irina is a creative learning partner for people and their organisations in Romania and across Europe.<\/p>\n<\/div>\n<\/div>\n[\/vc_toggle][vc_column_text][\/vc_column_text][\/vc_column][\/mk_page_section]\n<\/section>","protected":false},"excerpt":{"rendered":"<p>[vc_row][vc_column][mk_fancy_title font_family=&#8221;none&#8221;] El\u0151konferencia Workshop \/\/ 2024. febru\u00e1r [\/mk_fancy_title][mk_divider][\/vc_column][\/vc_row][vc_row][vc_column width=&#8221;1\/2&#8243;][mk_image src=&#8221;https:\/\/8thsociodramaconference.com\/wp-content\/uploads\/2024\/01\/Biztonsagerzet-es-reziliencia.png&#8221; crop=&#8221;false&#8221; hover=&#8221;false&#8221; align=&#8221;center&#8221;][mk_padding_divider][vc_btn title=&#8221;REGISZTR\u00c1CI\u00d3 \u00c9S FIZET\u00c9S BANKK\u00c1RTY\u00c1VAL&#8221; color=&#8221;peacoc&#8221; size=&#8221;lg&#8221; align=&#8221;center&#8221; button_block=&#8221;true&#8221; link=&#8221;url:https%3A%2F%2F8thsociodramaconference.com%2Fhu%2Fproductcategory%2Fprekonferencia_febr9vagy10%2F|target:_blank&#8221;][vc_btn title=&#8221;REGISZTR\u00c1CI\u00d3 \u00c9S BANKI UTAL\u00c1S&#8221; color=&#8221;peacoc&#8221; size=&#8221;lg&#8221; align=&#8221;center&#8221; button_block=&#8221;true&#8221; link=&#8221;url:https%3A%2F%2Fforms.gle%2F46ASB5iTWwFckpP39|target:_blank&#8221;][vc_message message_box_color=&#8221;grey&#8221;]ID\u0150TARTAM: 1-napos workshop D\u00c1TUM 1: Febru\u00e1r\u00a0 9. P\u00e9ntek, 9:30-18:00 (m\u00e1sf\u00e9l\u00f3ra eb\u00e9dsz\u00fcnettel) D\u00c1TUM 2: Febru\u00e1r\u00a0 10. Szombat, 9:30-18:00 (m\u00e1sf\u00e9l\u00f3ra eb\u00e9dsz\u00fcnettel) HELYSZ\u00cdN: Valyo B\u00e1zis, 1114 Budapest, [&hellip;]<\/p>\n","protected":false},"author":1,"featured_media":0,"parent":0,"menu_order":0,"comment_status":"closed","ping_status":"closed","template":"","meta":{"footnotes":""},"class_list":["post-2918","page","type-page","status-publish","hentry"],"_links":{"self":[{"href":"https:\/\/8thsociodramaconference.com\/hu\/wp-json\/wp\/v2\/pages\/2918","targetHints":{"allow":["GET"]}}],"collection":[{"href":"https:\/\/8thsociodramaconference.com\/hu\/wp-json\/wp\/v2\/pages"}],"about":[{"href":"https:\/\/8thsociodramaconference.com\/hu\/wp-json\/wp\/v2\/types\/page"}],"author":[{"embeddable":true,"href":"https:\/\/8thsociodramaconference.com\/hu\/wp-json\/wp\/v2\/users\/1"}],"replies":[{"embeddable":true,"href":"https:\/\/8thsociodramaconference.com\/hu\/wp-json\/wp\/v2\/comments?post=2918"}],"version-history":[{"count":22,"href":"https:\/\/8thsociodramaconference.com\/hu\/wp-json\/wp\/v2\/pages\/2918\/revisions"}],"predecessor-version":[{"id":3371,"href":"https:\/\/8thsociodramaconference.com\/hu\/wp-json\/wp\/v2\/pages\/2918\/revisions\/3371"}],"wp:attachment":[{"href":"https:\/\/8thsociodramaconference.com\/hu\/wp-json\/wp\/v2\/media?parent=2918"}],"curies":[{"name":"wp","href":"https:\/\/api.w.org\/{rel}","templated":true}]}}