{"id":2719,"date":"2023-10-11T21:22:11","date_gmt":"2023-10-11T19:22:11","guid":{"rendered":"https:\/\/8thsociodramaconference.com\/workshop-online-vs-inperson\/"},"modified":"2024-01-04T09:14:11","modified_gmt":"2024-01-04T08:14:11","slug":"workshop-online-vs-inperson","status":"publish","type":"page","link":"https:\/\/8thsociodramaconference.com\/hu\/workshop-online-vs-inperson\/","title":{"rendered":"Workshop Online vs jelenl\u00e9ti dr\u00e1ma"},"content":{"rendered":"<section class=\"wpb-content-wrapper\">[vc_row][vc_column][mk_fancy_title font_family=&#8221;none&#8221;]\n<h3 style=\"text-align: center;\">El\u0151konferencia Workshop \/\/ 2024. Janu\u00e1r<\/h3>\n[\/mk_fancy_title][mk_divider][\/vc_column][\/vc_row][vc_row][vc_column width=&#8221;1\/2&#8243;][mk_image src=&#8221;https:\/\/8thsociodramaconference.com\/wp-content\/uploads\/2023\/12\/Online-vs-Jelenleti.png&#8221; crop=&#8221;false&#8221; hover=&#8221;false&#8221; align=&#8221;center&#8221;][mk_padding_divider][vc_btn title=&#8221;REGISZTR\u00c1CI\u00d3 \u00c9S BANKI UTAL\u00c1S (HUF)&#8221; color=&#8221;peacoc&#8221; size=&#8221;lg&#8221; align=&#8221;center&#8221; button_block=&#8221;true&#8221; link=&#8221;url:https%3A%2F%2Fforms.gle%2Fs3JUqCb8v1r79D4u9|target:_blank&#8221;][vc_column_text]A worshopot a Nemzetk\u00f6zi Szociodr\u00e1ma Konferencia \u00e9s a Magyar Pszichodr\u00e1ma Egyes\u00fclet parnerek\u00e9nt Tele&#8217;Drama\u00ae International szervezi. Tov\u00e1bbi inform\u00e1ci\u00f3k: <a href=\"mailto:zoomroom.international@teledrama.org\"><span style=\"font-weight: 400;\">zoomroom.international@teledrama.org<\/span><\/a><span style=\"font-weight: 400;\"> vagy <\/span><a href=\"mailto:sociodramabudapest@gmail.com\"><span style=\"font-weight: 400;\">sociodramabudapest@gmail.com<\/span><\/a>[\/vc_column_text][\/vc_column][vc_column width=&#8221;1\/2&#8243;][vc_column_text]\n<h4 style=\"text-align: center;\"><strong>Online vs jelenl\u00e9ti dr\u00e1ma<br \/>\nA workshopot Diane Adderley \u00e9s<\/strong><strong> Dr Ron Wiener <\/strong>vezeti<strong><br \/>\n<\/strong><\/h4>\n<p><span style=\"font-weight: 400;\"><b>D\u00c1TUM: <\/b>2024. Janu\u00e1r 19. 18:00-21:00<br \/>\n<b>HELYSZ\u00cdN:<\/b> Tele&#8217;Drama Virtual Center \/ Zoom Alkalmaz\u00e1s<br \/>\n<b>R\u00c9SZV\u00c9TELI D\u00cdJ:<\/b> \u20ac 40 \/ 15.000 HUF<br \/>\n<b>FORD\u00cdT\u00c1S: <\/b><\/span><span style=\"font-weight: 400;\">A workshop nyelve angol, <\/span><span style=\"font-weight: 400;\">magyar felirattal. A<\/span><span style=\"font-weight: 400;\">\u00a0ford\u00edt\u00e1ssal kapcsolatban tov\u00e1bbi inform\u00e1ci\u00f3\u00e9rt k\u00e9rj\u00fck \u00edrjon a\u00a0 <a href=\"mailto:sociodramabudapest@gmail.com\">sociodramabudapest@gmail.com<\/a> c\u00edmre.<\/span><\/p>\n<p><span style=\"font-weight: 400;\">A m\u0171helymunka az online \u00e9s az \u00e9l\u0151 tal\u00e1lkoz\u00f3k el\u0151nyeinek \u00e9s h\u00e1tr\u00e1nyainak felt\u00e1r\u00e1s\u00e1ra ir\u00e1nyul.\u00a0 A r\u00e9sztvev\u0151k az online szociodr\u00e1m\u00e1t haszn\u00e1lj\u00e1k a glob\u00e1lis felmeleged\u00e9s t\u00e9m\u00e1j\u00e1nak vizsg\u00e1lat\u00e1ra.<br \/>\nEnnek r\u00e9v\u00e9n k\u00e9t f\u00e9le tanul\u00e1si tapasztalatra tesznek szert.<\/span><\/p>\n<ul>\n<li><span style=\"font-weight: 400;\">El\u0151sz\u00f6r is lehet\u0151s\u00e9g\u00fck lesz felfedezni az \u00e9ghajlatv\u00e1ltoz\u00e1ssal kapcsolatos probl\u00e9m\u00e1kat, k\u00fcl\u00f6nb\u00f6z\u0151 szerepek v\u00e1llal\u00e1s\u00e1val \u00e9s azon cselekedetek megfontol\u00e1s\u00e1val, amelyeket tehetnek a hat\u00e1sok enyh\u00edt\u00e9se \u00e9rdek\u00e9ben.<\/span><\/li>\n<li><span style=\"font-weight: 400;\"><span style=\"font-weight: 400;\"><span style=\"font-weight: 400;\">M\u00e1sr\u00e9szt lehet\u0151s\u00e9g\u00fck lesz \u00e1tgondolni, hogy milyen volt az online tapasztalat, \u00e9s megbesz\u00e9lni az online m\u0171helymunka praktikus szempontjait.<\/span><\/span><\/span>Ezut\u00e1n \u00e1tt\u00e9rhetnek arra, hogy mi veszett volna el vagy milyen\u00a0 nyeres\u00e9ge lett volna, ha az esem\u00e9ny \u00e9l\u0151 tal\u00e1lkoz\u00f3 form\u00e1j\u00e1ban zajlott volna.<\/li>\n<\/ul>\n[\/vc_column_text][\/vc_column][\/vc_row][vc_row][vc_column][vc_toggle title=&#8221;A M\u0170HELY VEZET\u0150IR\u0150L (ENG)&#8221;]Dr Ron Wiener-Di Adderley<\/p>\n<p>Dr Ron Wiener is a senior sociodrama trainer, community theatre director and poet and former Honorary President of the British Psychodrama Association.<\/p>\n<p>Di Adderley is a senior sociodrama trainer, playback trainer and psychodramatist and the present Honorary President of the British Psychodrama Association.[\/vc_toggle][\/vc_column][\/vc_row]\n<\/section>","protected":false},"excerpt":{"rendered":"<p>[vc_row][vc_column][mk_fancy_title font_family=&#8221;none&#8221;] El\u0151konferencia Workshop \/\/ 2024. Janu\u00e1r [\/mk_fancy_title][mk_divider][\/vc_column][\/vc_row][vc_row][vc_column width=&#8221;1\/2&#8243;][mk_image src=&#8221;https:\/\/8thsociodramaconference.com\/wp-content\/uploads\/2023\/12\/Online-vs-Jelenleti.png&#8221; crop=&#8221;false&#8221; hover=&#8221;false&#8221; align=&#8221;center&#8221;][mk_padding_divider][vc_btn title=&#8221;REGISZTR\u00c1CI\u00d3 \u00c9S BANKI UTAL\u00c1S (HUF)&#8221; color=&#8221;peacoc&#8221; size=&#8221;lg&#8221; align=&#8221;center&#8221; button_block=&#8221;true&#8221; link=&#8221;url:https%3A%2F%2Fforms.gle%2Fs3JUqCb8v1r79D4u9|target:_blank&#8221;][vc_column_text]A worshopot a Nemzetk\u00f6zi Szociodr\u00e1ma Konferencia \u00e9s a Magyar Pszichodr\u00e1ma Egyes\u00fclet parnerek\u00e9nt Tele&#8217;Drama\u00ae International szervezi. Tov\u00e1bbi inform\u00e1ci\u00f3k: zoomroom.international@teledrama.org vagy sociodramabudapest@gmail.com[\/vc_column_text][\/vc_column][vc_column width=&#8221;1\/2&#8243;][vc_column_text] Online vs jelenl\u00e9ti dr\u00e1ma A workshopot Diane Adderley \u00e9s Dr Ron Wiener [&hellip;]<\/p>\n","protected":false},"author":3,"featured_media":0,"parent":0,"menu_order":0,"comment_status":"closed","ping_status":"closed","template":"","meta":{"footnotes":""},"class_list":["post-2719","page","type-page","status-publish","hentry"],"_links":{"self":[{"href":"https:\/\/8thsociodramaconference.com\/hu\/wp-json\/wp\/v2\/pages\/2719","targetHints":{"allow":["GET"]}}],"collection":[{"href":"https:\/\/8thsociodramaconference.com\/hu\/wp-json\/wp\/v2\/pages"}],"about":[{"href":"https:\/\/8thsociodramaconference.com\/hu\/wp-json\/wp\/v2\/types\/page"}],"author":[{"embeddable":true,"href":"https:\/\/8thsociodramaconference.com\/hu\/wp-json\/wp\/v2\/users\/3"}],"replies":[{"embeddable":true,"href":"https:\/\/8thsociodramaconference.com\/hu\/wp-json\/wp\/v2\/comments?post=2719"}],"version-history":[{"count":10,"href":"https:\/\/8thsociodramaconference.com\/hu\/wp-json\/wp\/v2\/pages\/2719\/revisions"}],"predecessor-version":[{"id":3172,"href":"https:\/\/8thsociodramaconference.com\/hu\/wp-json\/wp\/v2\/pages\/2719\/revisions\/3172"}],"wp:attachment":[{"href":"https:\/\/8thsociodramaconference.com\/hu\/wp-json\/wp\/v2\/media?parent=2719"}],"curies":[{"name":"wp","href":"https:\/\/api.w.org\/{rel}","templated":true}]}}