{"id":2709,"date":"2023-09-24T19:26:14","date_gmt":"2023-09-24T17:26:14","guid":{"rendered":"https:\/\/8thsociodramaconference.com\/workshop-network-and-community\/"},"modified":"2023-11-03T10:25:43","modified_gmt":"2023-11-03T09:25:43","slug":"workshop-network-and-community","status":"publish","type":"page","link":"https:\/\/8thsociodramaconference.com\/hu\/workshop-network-and-community\/","title":{"rendered":"Workshop K\u00f6z\u00f6ss\u00e9g \u00e9s H\u00e1l\u00f3zat\u00e9p\u00edt\u00e9s"},"content":{"rendered":"<section class=\"wpb-content-wrapper\">[vc_row][vc_column][mk_fancy_title font_family=&#8221;none&#8221;]\n<h3 style=\"text-align: center;\">El\u0151konferencia Workshop \/\/ 2023. December<\/h3>\n[\/mk_fancy_title][mk_divider][\/vc_column][\/vc_row][vc_row][vc_column width=&#8221;1\/2&#8243;][mk_image src=&#8221;https:\/\/8thsociodramaconference.com\/wp-content\/uploads\/2023\/10\/KOZOSSEG-ES-HALOZATEPITES_Dec1-1.png&#8221; crop=&#8221;false&#8221; custom_url=&#8221;https:\/\/8thsociodramaconference.com\/workshop-network-and-community\/&#8221; align=&#8221;center&#8221;][mk_padding_divider][vc_btn title=&#8221;REGISZTR\u00c1CI\u00d3 \u00c9S BANKI UTAL\u00c1S (HUF)&#8221; color=&#8221;peacoc&#8221; size=&#8221;lg&#8221; align=&#8221;center&#8221; button_block=&#8221;true&#8221; link=&#8221;url:https%3A%2F%2Fforms.gle%2FHxnD3CyDo7WHW8Ln9|target:_blank&#8221;][\/vc_column][vc_column width=&#8221;1\/2&#8243;][vc_column_text]\n<h4 style=\"text-align: center;\"><strong>K\u00f6z\u00f6ss\u00e9g \u00e9s h\u00e1l\u00f3zat\u00e9p\u00edt\u00e9s a szociodr\u00e1ma eszk\u00f6zeivel\u00a0<\/strong><\/h4>\n<p style=\"text-align: center;\"><strong>A workshopot <\/strong>\u00a0<strong>Jana Damjanov, Margarida Belchior, Mariolina Werner Guarino <\/strong>\u00e9s<strong> Monica Westberg <\/strong>vezetik<\/p>\n<p><span style=\"font-weight: 400;\">Az online m\u0171helymunka sor\u00e1n a r\u00e9sztvev\u0151k azokkal a tapasztalataikkal dolgoznak, amelyeket k\u00fcl\u00f6nb\u00f6z\u0151 k\u00f6z\u00f6ss\u00e9gekben \u00e9s h\u00e1l\u00f3zatokban v\u00e1llalt szerepeikben kor\u00e1bban szereztek. A szociodr\u00e1m\u00e1val pedig olyan eszk\u00f6zk\u00e9nt tal\u00e1lkoznak, amely seg\u00edthet olyan k\u00f6z\u00f6ss\u00e9gek \u00e9s h\u00e1l\u00f3zatok fel\u00e9p\u00edt\u00e9s\u00e9ben, amelyre az itt \u00e9s mostban sz\u00fcks\u00e9g van.<\/span><\/p>\n<p><b>ID\u0150PONT: 2023. December 1. P\u00e9ntek 18:00<\/b><br \/>\n<b>HELYSZ\u00cdN:<\/b> Tele&#8217;Drama Virtual Center \/ Zoom Alkalmaz\u00e1s<br \/>\n<b>R\u00c9SZV\u00c9TELI D\u00cdJ:<\/b>\u00a0 <span style=\"font-weight: 400;\">\u20ac 40 \/ <\/span>15.000 HUF<br \/>\n<u><\/u><\/p>\n<p><span style=\"font-weight: 400;\"><strong>FORD\u00cdT\u00c1S:<\/strong> \u00a0magyar nyelvre ig\u00e9ny szerint. K\u00e9rj\u00fck \u00edrjon ez\u00fcgyben a \u00a0<a href=\"mailto:sociodramabudapest@gmail.com\">sociodramabudapest@gmail.com<\/a> c\u00edmre<\/span><\/p>\n<p>A worshopot a Nemzetk\u00f6zi Szociodr\u00e1ma Konferencia \u00e9s a Magyar Pszichodr\u00e1ma Egyes\u00fclet parnerek\u00e9nt Tele&#8217;Drama\u00ae International szervezi. Tov\u00e1bbi inform\u00e1ci\u00f3k: <a href=\"mailto:zoomroom.international@teledrama.org\"><span style=\"font-weight: 400;\">zoomroom.international@teledrama.org<\/span><\/a><span style=\"font-weight: 400;\"> vagy <\/span><a href=\"mailto:sociodramabudapest@gmail.com\"><span style=\"font-weight: 400;\">sociodramabudapest@gmail.com<\/span><\/a><\/p>\n[\/vc_column_text][\/vc_column][\/vc_row][mk_page_section][vc_column][vc_toggle title=&#8221;TOV\u00c1BBI INFORM\u00c1CI\u00d3 A TARTALOMR\u00d3L (ENG)&#8221;]\n<p id=\"m_-4403536592715030737gmail-docs-internal-guid-e4abedb3-7fff-d665-9385-d612c07fcc72\" dir=\"ltr\">Which kind of communities and which kind of networks one needs in order to survive the times we live in? What does the community mean to us? What kind of experiences do we have from being part of different communities and networks? How do we relate with communities that we live in, or how do we relate to networks which we are part of?<\/p>\n<p dir=\"ltr\">From the perspective of role theory and sociopcyhodrama, we are born in relations with everything around us. What kind of roles have we developed by being in contact with different communities and networks? What kind of learning has happened to us that is community based? How can we use this knowledge? In this workshop people will be challenged to enact the vision of communities and networks that are needed for them.<\/p>\n<p dir=\"ltr\">By the end of this workshop people will:<\/p>\n<ul>\n<li dir=\"ltr\">\n<p dir=\"ltr\" role=\"presentation\">Identify and differentiate experiences gained through relating to different communities and networks and what roles it build inside of them<\/p>\n<\/li>\n<li dir=\"ltr\">\n<p dir=\"ltr\" role=\"presentation\">Learn what they need and how they can use sociodrama in order to start building communities and networks that they need in here and now<\/p>\n<\/li>\n<\/ul>\n[\/vc_toggle][vc_toggle title=&#8221;A M\u0170HELY VEZET\u0150IR\u0150L (ENG)&#8221;]<strong>Jana Damjanov, Monica Westberg, Margarida Belchior, Mariolina Werner Guarino\u00a0<\/strong><\/p>\n<p><strong>Jana Damjanov<\/strong> is MSc clinical psychologist, psychodrama and sociodrama trainer and supervisor, psychodrama psychotherapist. She has been applying sociopsychodrama in many different settings: education and training, evaluation, activism and psychotherapeutic work with groups. She has been using sociopsychodrama in the context of cultural and collective trauma, working in the former Yugoslavia region. She has written several chapters about sociopsychodrama in different books. She is mostly active in teaching people how to apply sociopsychodrama in different contexts in working with groups and individuals for the last 15 years.<\/p>\n<p><strong>Monica Westberg<\/strong> is a co-founder of FEPTO, the Swedish Psychodrama Foundation, and the Norwegian Psychodrama School. Her certification includes a BA in Pedagogy of Children and Gender and a Certificate of Directorship from the Moreno Institute (USA). She has been for many years a trainer, counsellor and supervisor at international level in psycho and sociodrama, in domains as social care, mental health care, education and business. She is experienced in working with refugee children and women in Sweden and in Norway, and actively networks with colleagues in Scandinavia, Europe and Argentina.<\/p>\n<p><strong>Margarida Belchior<\/strong> is a teacher, researcher and sociodramatist. She started her Sociodrama training in 2011 (SPP). She organized teachers Sociodrama training; was the leading person, in Portugal, for the PERFORMERS project (ERASMUS) and author in the books which resulted from this project. She created the project Public Sociodrama with Art and led Sociodrama workshops in international settings, like the 6th and 7th International Sociodrama Conference. She is part of TELE\u2019Drama Team and is finishing her Post-Doctorate in Inclusion and Expressive Pedagogies, teaching, and doing research in Education at Lus\u00f3fona University.<\/p>\n<p><strong>Mariolina Werner Guarino<\/strong> is part of the Swedish Psykodrama Akademin and the Swedish Association of Psychodramatists. As psychology teacher, psychodramatist, sociodramatist and sociodrama trainer, she works with in schools and institutes, and with supervision. She has worked with psychodrama and sociodrama groups since 1999, offering students and teachers regular psychodrama and sociodrama courses for personal development, integration and creative reflection on social themes. She works for the National Agency for Upper Education introducing sociopsychodrama in curricula. She published in the frame European Erasmus+ Project ended in 2021.[\/vc_toggle][vc_column_text][\/vc_column_text][\/vc_column][\/mk_page_section]\n<\/section>","protected":false},"excerpt":{"rendered":"<p>[vc_row][vc_column][mk_fancy_title font_family=&#8221;none&#8221;] El\u0151konferencia Workshop \/\/ 2023. December [\/mk_fancy_title][mk_divider][\/vc_column][\/vc_row][vc_row][vc_column width=&#8221;1\/2&#8243;][mk_image src=&#8221;https:\/\/8thsociodramaconference.com\/wp-content\/uploads\/2023\/10\/KOZOSSEG-ES-HALOZATEPITES_Dec1-1.png&#8221; crop=&#8221;false&#8221; custom_url=&#8221;https:\/\/8thsociodramaconference.com\/workshop-network-and-community\/&#8221; align=&#8221;center&#8221;][mk_padding_divider][vc_btn title=&#8221;REGISZTR\u00c1CI\u00d3 \u00c9S BANKI UTAL\u00c1S (HUF)&#8221; color=&#8221;peacoc&#8221; size=&#8221;lg&#8221; align=&#8221;center&#8221; button_block=&#8221;true&#8221; link=&#8221;url:https%3A%2F%2Fforms.gle%2FHxnD3CyDo7WHW8Ln9|target:_blank&#8221;][\/vc_column][vc_column width=&#8221;1\/2&#8243;][vc_column_text] K\u00f6z\u00f6ss\u00e9g \u00e9s h\u00e1l\u00f3zat\u00e9p\u00edt\u00e9s a szociodr\u00e1ma eszk\u00f6zeivel\u00a0 A workshopot \u00a0Jana Damjanov, Margarida Belchior, Mariolina Werner Guarino \u00e9s Monica Westberg vezetik Az online m\u0171helymunka sor\u00e1n a r\u00e9sztvev\u0151k azokkal a tapasztalataikkal dolgoznak, amelyeket k\u00fcl\u00f6nb\u00f6z\u0151 [&hellip;]<\/p>\n","protected":false},"author":1,"featured_media":0,"parent":0,"menu_order":0,"comment_status":"closed","ping_status":"closed","template":"","meta":{"footnotes":""},"class_list":["post-2709","page","type-page","status-publish","hentry"],"_links":{"self":[{"href":"https:\/\/8thsociodramaconference.com\/hu\/wp-json\/wp\/v2\/pages\/2709","targetHints":{"allow":["GET"]}}],"collection":[{"href":"https:\/\/8thsociodramaconference.com\/hu\/wp-json\/wp\/v2\/pages"}],"about":[{"href":"https:\/\/8thsociodramaconference.com\/hu\/wp-json\/wp\/v2\/types\/page"}],"author":[{"embeddable":true,"href":"https:\/\/8thsociodramaconference.com\/hu\/wp-json\/wp\/v2\/users\/1"}],"replies":[{"embeddable":true,"href":"https:\/\/8thsociodramaconference.com\/hu\/wp-json\/wp\/v2\/comments?post=2709"}],"version-history":[{"count":5,"href":"https:\/\/8thsociodramaconference.com\/hu\/wp-json\/wp\/v2\/pages\/2709\/revisions"}],"predecessor-version":[{"id":2729,"href":"https:\/\/8thsociodramaconference.com\/hu\/wp-json\/wp\/v2\/pages\/2709\/revisions\/2729"}],"wp:attachment":[{"href":"https:\/\/8thsociodramaconference.com\/hu\/wp-json\/wp\/v2\/media?parent=2709"}],"curies":[{"name":"wp","href":"https:\/\/api.w.org\/{rel}","templated":true}]}}