{"id":2533,"date":"2023-09-02T22:01:30","date_gmt":"2023-09-02T20:01:30","guid":{"rendered":"https:\/\/8thsociodramaconference.com\/choose-your-online-conference-experience-high-income\/"},"modified":"2023-10-26T18:29:29","modified_gmt":"2023-10-26T16:29:29","slug":"online-szekcio-jegy","status":"publish","type":"page","link":"https:\/\/8thsociodramaconference.com\/hu\/online-szekcio-jegy\/","title":{"rendered":"Online szekci\u00f3 jegy"},"content":{"rendered":"[mk_page_section][vc_column][mk_fancy_title tag_name=&#8221;h2&#8243; size=&#8221;40&#8243; line_height=&#8221;50&#8243; font_family=&#8221;Oswald&#8221; font_type=&#8221;google&#8221; margin_bottom=&#8221;40&#8243;]K\u00c9RJ\u00dcK V\u00c1LASSZA KI A MEGV\u00c1S\u00c1ROLNI K\u00cdV\u00c1NT JEGYET![\/mk_fancy_title]<div class=\"woocommerce columns-4 \"><ul class=\"products classic-style isotope-enabled\">\n<li class=\"four-column product type-product post-2538 status-publish instock product_cat-online-jegy has-post-thumbnail taxable shipping-taxable purchasable product-type-simple\" style=\"max-width:285px\">\n\t<div class=\"item-holder\">\n\n\t<a href=\"https:\/\/8thsociodramaconference.com\/hu\/items\/online-5napos-berlet\/\" class=\"woocommerce-LoopProduct-link woocommerce-loop-product__link\">\n\t\t<span class=\"product-loading-icon\"><\/span>\n\n\t\t<a href=\"https:\/\/8thsociodramaconference.com\/hu\/items\/online-5napos-berlet\/\" class=\"product-loop-thumb\"><img decoding=\"async\" src=\"https:\/\/8thsociodramaconference.com\/wp-content\/uploads\/bfi_thumb\/19-qdcsipuinxg9hyy971wutbjbz8w7uqzc6xs5h6wa6c-qefsao00ffct0unzqzthsbswmwtzgyk7g0w1hwch38.png\" class=\"product-loop-image\" alt=\"Online 5 napos b\u00e9rlet\" title=\"Online 5 napos b\u00e9rlet\" itemprop=\"image\"><span class=\"product-hover-items\"><span class=\"product-item-rating\"><\/span><span class=\"mk-love-this \" id=\"mk-love-2538\"><i class=\"mk-icon-heart\"><\/i> <span class=\"mk-love-count\">0<\/span><\/span><\/span><\/a>\n\n\t\t<div class=\"product-item-details\">\n\n\t\t\t<h3><a href=\"https:\/\/8thsociodramaconference.com\/hu\/items\/online-5napos-berlet\/\">Online 5 napos b\u00e9rlet<\/a><\/h3>\n\n\t\t\t\n\t<span class=\"price\"><span class=\"woocommerce-Price-amount amount\"><bdi><span class=\"woocommerce-Price-currencySymbol\">&#70;&#116;<\/span>40,000.00<\/bdi><\/span><\/span>\n\n\t\t\t<\/a><a href=\"?add-to-cart=2538\" data-quantity=\"1\" class=\"product_loop_button product_loop_button product_type_simple add_to_cart_button ajax_add_to_cart\" data-product_id=\"2538\" data-product_sku=\"\" aria-label=\"Add to cart: &ldquo;Online 5 napos b\u00e9rlet&rdquo;\" aria-describedby=\"\" rel=\"nofollow\"><i class=\"mk-theme-icon-cart2\"><\/i>Add to cart<\/a>\t\t<\/div>\n<\/div>\n<\/li>\n\n\n\n<li class=\"four-column product type-product post-2532 status-publish last instock product_cat-online-jegy has-post-thumbnail taxable shipping-taxable purchasable product-type-simple\" style=\"max-width:285px\">\n\t<div class=\"item-holder\">\n\n\t<a href=\"https:\/\/8thsociodramaconference.com\/hu\/items\/online-napijegy-junius-26\/\" class=\"woocommerce-LoopProduct-link woocommerce-loop-product__link\">\n\t\t<span class=\"product-loading-icon\"><\/span>\n\n\t\t<a href=\"https:\/\/8thsociodramaconference.com\/hu\/items\/online-napijegy-junius-26\/\" class=\"product-loop-thumb\"><img decoding=\"async\" src=\"https:\/\/8thsociodramaconference.com\/wp-content\/uploads\/bfi_thumb\/20-qdcsj06qr3uf1oj8iodr2qxeihh97f4dwcyhr8gy9w-qefrr4wqfcmbsj19sjwjz984ap3fjd0zfcwuixaydg.png\" class=\"product-loop-image\" alt=\"Online Napijegy J\u00fanius 26.\" title=\"Online Napijegy J\u00fanius 26.\" itemprop=\"image\"><span class=\"product-hover-items\"><span class=\"product-item-rating\"><\/span><span class=\"mk-love-this \" id=\"mk-love-2532\"><i class=\"mk-icon-heart\"><\/i> <span class=\"mk-love-count\">1<\/span><\/span><\/span><\/a>\n\n\t\t<div class=\"product-item-details\">\n\n\t\t\t<h3><a href=\"https:\/\/8thsociodramaconference.com\/hu\/items\/online-napijegy-junius-26\/\">Online Napijegy J\u00fanius 26.<\/a><\/h3>\n\n\t\t\t\n\t<span class=\"price\"><span class=\"woocommerce-Price-amount amount\"><bdi><span class=\"woocommerce-Price-currencySymbol\">&#70;&#116;<\/span>15,000.00<\/bdi><\/span><\/span>\n\n\t\t\t<\/a><a href=\"?add-to-cart=2532\" data-quantity=\"1\" class=\"product_loop_button product_loop_button product_type_simple add_to_cart_button ajax_add_to_cart\" data-product_id=\"2532\" data-product_sku=\"\" aria-label=\"Add to cart: &ldquo;Online Napijegy J\u00fanius 26.&rdquo;\" aria-describedby=\"\" rel=\"nofollow\"><i class=\"mk-theme-icon-cart2\"><\/i>Add to cart<\/a>\t\t<\/div>\n<\/div>\n<\/li>\n\n\n\n<li class=\"four-column product type-product post-2531 status-publish instock product_cat-online-jegy has-post-thumbnail taxable shipping-taxable purchasable product-type-simple\" style=\"max-width:285px\">\n\t<div class=\"item-holder\">\n\n\t<a href=\"https:\/\/8thsociodramaconference.com\/hu\/items\/online-napijegy-junius-27\/\" class=\"woocommerce-LoopProduct-link woocommerce-loop-product__link\">\n\t\t<span class=\"product-loading-icon\"><\/span>\n\n\t\t<a href=\"https:\/\/8thsociodramaconference.com\/hu\/items\/online-napijegy-junius-27\/\" class=\"product-loop-thumb\"><img decoding=\"async\" src=\"https:\/\/8thsociodramaconference.com\/wp-content\/uploads\/bfi_thumb\/21-qdcsjg5zzagaj1w0xdaer4w8m1ahu9vtmk1qwxt9c4-qefqwybayvauzavm1i7twvf9l9v4d979xyrjr2226c.png\" class=\"product-loop-image\" alt=\"Online Napijegy J\u00fanius 27.\" title=\"Online Napijegy J\u00fanius 27.\" itemprop=\"image\"><span class=\"product-hover-items\"><span class=\"product-item-rating\"><\/span><span class=\"mk-love-this \" id=\"mk-love-2531\"><i class=\"mk-icon-heart\"><\/i> <span class=\"mk-love-count\">0<\/span><\/span><\/span><\/a>\n\n\t\t<div class=\"product-item-details\">\n\n\t\t\t<h3><a href=\"https:\/\/8thsociodramaconference.com\/hu\/items\/online-napijegy-junius-27\/\">Online Napijegy J\u00fanius 27.<\/a><\/h3>\n\n\t\t\t\n\t<span class=\"price\"><span class=\"woocommerce-Price-amount amount\"><bdi><span class=\"woocommerce-Price-currencySymbol\">&#70;&#116;<\/span>15,000.00<\/bdi><\/span><\/span>\n\n\t\t\t<\/a><a href=\"?add-to-cart=2531\" data-quantity=\"1\" class=\"product_loop_button product_loop_button product_type_simple add_to_cart_button ajax_add_to_cart\" data-product_id=\"2531\" data-product_sku=\"\" aria-label=\"Add to cart: &ldquo;Online Napijegy J\u00fanius 27.&rdquo;\" aria-describedby=\"\" rel=\"nofollow\"><i class=\"mk-theme-icon-cart2\"><\/i>Add to cart<\/a>\t\t<\/div>\n<\/div>\n<\/li>\n\n\n\n<li class=\"four-column product type-product post-2530 status-publish last instock product_cat-online-jegy has-post-thumbnail taxable shipping-taxable purchasable product-type-simple\" style=\"max-width:285px\">\n\t<div class=\"item-holder\">\n\n\t<a href=\"https:\/\/8thsociodramaconference.com\/hu\/items\/online-napijegy-junius-28\/\" class=\"woocommerce-LoopProduct-link woocommerce-loop-product__link\">\n\t\t<span class=\"product-loading-icon\"><\/span>\n\n\t\t<a href=\"https:\/\/8thsociodramaconference.com\/hu\/items\/online-napijegy-junius-28\/\" class=\"product-loop-thumb\"><img decoding=\"async\" src=\"https:\/\/8thsociodramaconference.com\/wp-content\/uploads\/bfi_thumb\/22-qdcsjsdwg4x0pze9y0kk5jt8c1m9mc8c08j25jb538-qefqwybayvauzavm1i7twvf9l9v4d979xyrjr2226c.png\" class=\"product-loop-image\" alt=\"Online Napijegy J\u00fanius 28.\" title=\"Online Napijegy J\u00fanius 28.\" itemprop=\"image\"><span class=\"product-hover-items\"><span class=\"product-item-rating\"><\/span><span class=\"mk-love-this \" id=\"mk-love-2530\"><i class=\"mk-icon-heart\"><\/i> <span class=\"mk-love-count\">0<\/span><\/span><\/span><\/a>\n\n\t\t<div class=\"product-item-details\">\n\n\t\t\t<h3><a href=\"https:\/\/8thsociodramaconference.com\/hu\/items\/online-napijegy-junius-28\/\">Online Napijegy J\u00fanius 28.<\/a><\/h3>\n\n\t\t\t\n\t<span class=\"price\"><span class=\"woocommerce-Price-amount amount\"><bdi><span class=\"woocommerce-Price-currencySymbol\">&#70;&#116;<\/span>15,000.00<\/bdi><\/span><\/span>\n\n\t\t\t<\/a><a href=\"?add-to-cart=2530\" data-quantity=\"1\" class=\"product_loop_button product_loop_button product_type_simple add_to_cart_button ajax_add_to_cart\" data-product_id=\"2530\" data-product_sku=\"\" aria-label=\"Add to cart: &ldquo;Online Napijegy J\u00fanius 28.&rdquo;\" aria-describedby=\"\" rel=\"nofollow\"><i class=\"mk-theme-icon-cart2\"><\/i>Add to cart<\/a>\t\t<\/div>\n<\/div>\n<\/li>\n\n\n\n<li class=\"four-column product type-product post-2529 status-publish instock product_cat-online-jegy has-post-thumbnail taxable shipping-taxable purchasable product-type-simple\" style=\"max-width:285px\">\n\t<div class=\"item-holder\">\n\n\t<a href=\"https:\/\/8thsociodramaconference.com\/hu\/items\/online-napijegy-junius-29\/\" class=\"woocommerce-LoopProduct-link woocommerce-loop-product__link\">\n\t\t<span class=\"product-loading-icon\"><\/span>\n\n\t\t<a href=\"https:\/\/8thsociodramaconference.com\/hu\/items\/online-napijegy-junius-29\/\" class=\"product-loop-thumb\"><img decoding=\"async\" src=\"https:\/\/8thsociodramaconference.com\/wp-content\/uploads\/bfi_thumb\/23-qdcsk6hhangbk4tsnonyoy958tortssb26bccoq8hw-qefqwybayvauzavm1i7twvf9l9v4d979xyrjr2226c.png\" class=\"product-loop-image\" alt=\"Online Napijegy J\u00fanius 29.\" title=\"Online Napijegy J\u00fanius 29.\" itemprop=\"image\"><span class=\"product-hover-items\"><span class=\"product-item-rating\"><\/span><span class=\"mk-love-this \" id=\"mk-love-2529\"><i class=\"mk-icon-heart\"><\/i> <span class=\"mk-love-count\">0<\/span><\/span><\/span><\/a>\n\n\t\t<div class=\"product-item-details\">\n\n\t\t\t<h3><a href=\"https:\/\/8thsociodramaconference.com\/hu\/items\/online-napijegy-junius-29\/\">Online Napijegy J\u00fanius 29.<\/a><\/h3>\n\n\t\t\t\n\t<span class=\"price\"><span class=\"woocommerce-Price-amount amount\"><bdi><span class=\"woocommerce-Price-currencySymbol\">&#70;&#116;<\/span>15,000.00<\/bdi><\/span><\/span>\n\n\t\t\t<\/a><a href=\"?add-to-cart=2529\" data-quantity=\"1\" class=\"product_loop_button product_loop_button product_type_simple add_to_cart_button ajax_add_to_cart\" data-product_id=\"2529\" data-product_sku=\"\" aria-label=\"Add to cart: &ldquo;Online Napijegy J\u00fanius 29.&rdquo;\" aria-describedby=\"\" rel=\"nofollow\"><i class=\"mk-theme-icon-cart2\"><\/i>Add to cart<\/a>\t\t<\/div>\n<\/div>\n<\/li>\n\n\n\n<li class=\"four-column product type-product post-2523 status-publish last instock product_cat-online-jegy has-post-thumbnail taxable shipping-taxable purchasable product-type-simple\" style=\"max-width:285px\">\n\t<div class=\"item-holder\">\n\n\t<a href=\"https:\/\/8thsociodramaconference.com\/hu\/items\/online-napijegy-junius-30\/\" class=\"woocommerce-LoopProduct-link woocommerce-loop-product__link\">\n\t\t<span class=\"product-loading-icon\"><\/span>\n\n\t\t<a href=\"https:\/\/8thsociodramaconference.com\/hu\/items\/online-napijegy-junius-30\/\" class=\"product-loop-thumb\"><img decoding=\"async\" src=\"https:\/\/8thsociodramaconference.com\/wp-content\/uploads\/bfi_thumb\/24-qdcskliwc00wpw7y7v5zsugiqzmn8yg0g8r4143xqc-qefqwybayvauzavm1i7twvf9l9v4d979xyrjr2226c.png\" class=\"product-loop-image\" alt=\"Online Napijegy J\u00fanius 30.\" title=\"Online Napijegy J\u00fanius 30.\" itemprop=\"image\"><span class=\"product-hover-items\"><span class=\"product-item-rating\"><\/span><span class=\"mk-love-this \" id=\"mk-love-2523\"><i class=\"mk-icon-heart\"><\/i> <span class=\"mk-love-count\">0<\/span><\/span><\/span><\/a>\n\n\t\t<div class=\"product-item-details\">\n\n\t\t\t<h3><a href=\"https:\/\/8thsociodramaconference.com\/hu\/items\/online-napijegy-junius-30\/\">Online Napijegy J\u00fanius 30.<\/a><\/h3>\n\n\t\t\t\n\t<span class=\"price\"><span class=\"woocommerce-Price-amount amount\"><bdi><span class=\"woocommerce-Price-currencySymbol\">&#70;&#116;<\/span>15,000.00<\/bdi><\/span><\/span>\n\n\t\t\t<\/a><a href=\"?add-to-cart=2523\" data-quantity=\"1\" class=\"product_loop_button product_loop_button product_type_simple add_to_cart_button ajax_add_to_cart\" data-product_id=\"2523\" data-product_sku=\"\" aria-label=\"Add to cart: &ldquo;Online Napijegy J\u00fanius 30.&rdquo;\" aria-describedby=\"\" rel=\"nofollow\"><i class=\"mk-theme-icon-cart2\"><\/i>Add to cart<\/a>\t\t<\/div>\n<\/div>\n<\/li>\n\n\n<\/ul>\n<\/div>[\/vc_column][\/mk_page_section]\n","protected":false},"excerpt":{"rendered":"<p>[mk_page_section][vc_column][mk_fancy_title tag_name=&#8221;h2&#8243; size=&#8221;40&#8243; line_height=&#8221;50&#8243; font_family=&#8221;Oswald&#8221; font_type=&#8221;google&#8221; margin_bottom=&#8221;40&#8243;]K\u00c9RJ\u00dcK V\u00c1LASSZA KI A MEGV\u00c1S\u00c1ROLNI K\u00cdV\u00c1NT JEGYET![\/mk_fancy_title][\/vc_column][\/mk_page_section]<\/p>\n","protected":false},"author":1,"featured_media":0,"parent":0,"menu_order":0,"comment_status":"closed","ping_status":"closed","template":"","meta":{"footnotes":""},"class_list":["post-2533","page","type-page","status-publish","hentry"],"_links":{"self":[{"href":"https:\/\/8thsociodramaconference.com\/hu\/wp-json\/wp\/v2\/pages\/2533","targetHints":{"allow":["GET"]}}],"collection":[{"href":"https:\/\/8thsociodramaconference.com\/hu\/wp-json\/wp\/v2\/pages"}],"about":[{"href":"https:\/\/8thsociodramaconference.com\/hu\/wp-json\/wp\/v2\/types\/page"}],"author":[{"embeddable":true,"href":"https:\/\/8thsociodramaconference.com\/hu\/wp-json\/wp\/v2\/users\/1"}],"replies":[{"embeddable":true,"href":"https:\/\/8thsociodramaconference.com\/hu\/wp-json\/wp\/v2\/comments?post=2533"}],"version-history":[{"count":2,"href":"https:\/\/8thsociodramaconference.com\/hu\/wp-json\/wp\/v2\/pages\/2533\/revisions"}],"predecessor-version":[{"id":2539,"href":"https:\/\/8thsociodramaconference.com\/hu\/wp-json\/wp\/v2\/pages\/2533\/revisions\/2539"}],"wp:attachment":[{"href":"https:\/\/8thsociodramaconference.com\/hu\/wp-json\/wp\/v2\/media?parent=2533"}],"curies":[{"name":"wp","href":"https:\/\/api.w.org\/{rel}","templated":true}]}}