{"id":2463,"date":"2023-08-24T17:45:09","date_gmt":"2023-08-24T15:45:09","guid":{"rendered":"https:\/\/8thsociodramaconference.com\/in-person-tickets\/"},"modified":"2024-03-29T10:07:40","modified_gmt":"2024-03-29T09:07:40","slug":"in-person-tickets","status":"publish","type":"page","link":"https:\/\/8thsociodramaconference.com\/hu\/in-person-tickets\/","title":{"rendered":"R\u00e9szv\u00e9tel szem\u00e9lyesen"},"content":{"rendered":"[mk_page_section][vc_column][mk_fancy_title tag_name=&#8221;h2&#8243; size=&#8221;40&#8243; line_height=&#8221;50&#8243; font_family=&#8221;Oswald&#8221; font_type=&#8221;google&#8221; margin_bottom=&#8221;40&#8243;]SZEM\u00c9LYES R\u00c9SZV\u00c9TELRE SZ\u00d3L\u00d3 JEGYEK[\/mk_fancy_title][vc_column_text responsive_align=&#8221;left&#8221;]A\u00a0<strong>r\u00e9szv\u00e9teli d\u00edj mag\u00e1ban foglalja<\/strong>\u00a0az 5 napos konferencia minden szakmai programj\u00e1t:<\/p>\n<ul>\n<li aria-level=\"1\">a Budapesti Eur\u00f3pai Ifj\u00fas\u00e1gi K\u00f6zpontban megval\u00f3sul\u00f3 f\u0151 konferencia programon val\u00f3 r\u00e9szv\u00e9telt<\/li>\n<li aria-level=\"1\">a f\u0151 konferencia programmal p\u00e1rhuzamosan, a helyi k\u00f6z\u00f6ss\u00e9gekben megval\u00f3sul\u00f3 szociodr\u00e1ma esem\u00e9nyeken val\u00f3 r\u00e9szv\u00e9telt.<\/li>\n<li aria-level=\"1\">az online konferenciaelemeken val\u00f3 r\u00e9szv\u00e9telt<\/li>\n<li aria-level=\"1\">a\u00a0 k\u00e1v\u00e9sz\u00fcnetekben bek\u00e9sz\u00edtett k\u00e1veb\u00f3l, frissit\u0151b\u0151l, r\u00e1gcs\u00e1lnival\u00f3b\u00f3l\u00a0 a r\u00e9sztvev\u0151k korl\u00e1tlanul fogyaszthatnak.<\/li>\n<\/ul>\n<p>Az \u00e1rakr\u00f3l itt tud t\u00e1j\u00e9koz\u00f3dni: <a href=\"https:\/\/8thsociodramaconference.com\/hu\/participation-fees\/\" target=\"_blank\" rel=\"noopener\">https:\/\/8thsociodramaconference.com\/hu\/participation-fees\/<\/a><br \/>\n<strong>\u00d6szt\u00f6ndijakr\u00f3l<\/strong>,\u00a0<strong>csoportkedvezm\u00e9nyekr\u0151l<\/strong>\u00a0a szervez\u0151kn\u00e9l lehet t\u00e1j\u00e9koz\u00f3dni a\u00a0<a href=\"mailto:sociodramabudapest@gmail.com\">sociodramabudapest@gmail.com<\/a>\u00a0email c\u00edmen.[\/vc_column_text][\/vc_column][\/mk_page_section][mk_page_section][vc_column][vc_btn title=&#8221;REGISZTR\u00c1CI\u00d3 \u00c9S JEGYV\u00c1S\u00c1RL\u00c1S&#8221; color=&#8221;info&#8221; align=&#8221;center&#8221; link=&#8221;url:https%3A%2F%2F8thsociodramaconference.com%2Fhu%2Fchoose-your-conference-experience-hun%2F|target:_blank&#8221;][\/vc_column][\/mk_page_section]\n","protected":false},"excerpt":{"rendered":"<p>[mk_page_section][vc_column][mk_fancy_title tag_name=&#8221;h2&#8243; size=&#8221;40&#8243; line_height=&#8221;50&#8243; font_family=&#8221;Oswald&#8221; font_type=&#8221;google&#8221; margin_bottom=&#8221;40&#8243;]SZEM\u00c9LYES R\u00c9SZV\u00c9TELRE SZ\u00d3L\u00d3 JEGYEK[\/mk_fancy_title][vc_column_text responsive_align=&#8221;left&#8221;]A\u00a0r\u00e9szv\u00e9teli d\u00edj mag\u00e1ban foglalja\u00a0az 5 napos konferencia minden szakmai programj\u00e1t: a Budapesti Eur\u00f3pai Ifj\u00fas\u00e1gi K\u00f6zpontban megval\u00f3sul\u00f3 f\u0151 konferencia programon val\u00f3 r\u00e9szv\u00e9telt a f\u0151 konferencia programmal p\u00e1rhuzamosan, a helyi k\u00f6z\u00f6ss\u00e9gekben megval\u00f3sul\u00f3 szociodr\u00e1ma esem\u00e9nyeken val\u00f3 r\u00e9szv\u00e9telt. az online konferenciaelemeken val\u00f3 r\u00e9szv\u00e9telt a\u00a0 k\u00e1v\u00e9sz\u00fcnetekben bek\u00e9sz\u00edtett k\u00e1veb\u00f3l, frissit\u0151b\u0151l, r\u00e1gcs\u00e1lnival\u00f3b\u00f3l\u00a0 [&hellip;]<\/p>\n","protected":false},"author":1,"featured_media":0,"parent":0,"menu_order":0,"comment_status":"closed","ping_status":"closed","template":"","meta":{"footnotes":""},"class_list":["post-2463","page","type-page","status-publish","hentry"],"_links":{"self":[{"href":"https:\/\/8thsociodramaconference.com\/hu\/wp-json\/wp\/v2\/pages\/2463","targetHints":{"allow":["GET"]}}],"collection":[{"href":"https:\/\/8thsociodramaconference.com\/hu\/wp-json\/wp\/v2\/pages"}],"about":[{"href":"https:\/\/8thsociodramaconference.com\/hu\/wp-json\/wp\/v2\/types\/page"}],"author":[{"embeddable":true,"href":"https:\/\/8thsociodramaconference.com\/hu\/wp-json\/wp\/v2\/users\/1"}],"replies":[{"embeddable":true,"href":"https:\/\/8thsociodramaconference.com\/hu\/wp-json\/wp\/v2\/comments?post=2463"}],"version-history":[{"count":8,"href":"https:\/\/8thsociodramaconference.com\/hu\/wp-json\/wp\/v2\/pages\/2463\/revisions"}],"predecessor-version":[{"id":6666,"href":"https:\/\/8thsociodramaconference.com\/hu\/wp-json\/wp\/v2\/pages\/2463\/revisions\/6666"}],"wp:attachment":[{"href":"https:\/\/8thsociodramaconference.com\/hu\/wp-json\/wp\/v2\/media?parent=2463"}],"curies":[{"name":"wp","href":"https:\/\/api.w.org\/{rel}","templated":true}]}}