{"id":2431,"date":"2023-10-23T22:18:36","date_gmt":"2023-10-23T20:18:36","guid":{"rendered":"https:\/\/8thsociodramaconference.com\/?page_id=2431"},"modified":"2024-04-28T08:37:17","modified_gmt":"2024-04-28T06:37:17","slug":"pre-conference","status":"publish","type":"page","link":"https:\/\/8thsociodramaconference.com\/hu\/pre-conference\/","title":{"rendered":"El\u0151konferencia"},"content":{"rendered":"<section class=\"wpb-content-wrapper\">[vc_row][vc_column][mk_fancy_title font_family=&#8221;none&#8221;]\n<h3 style=\"text-align: center;\"><strong>EL\u0150KONFERENCIA PROGRAMOK<\/strong><\/h3>\n[\/mk_fancy_title][mk_padding_divider size=&#8221;20&#8243;][vc_column_text]\n<h4 style=\"text-align: center;\">K\u00d6ZELG\u0150 ESEM\u00c9NYEK<\/h4>\n[\/vc_column_text][mk_divider margin_top=&#8221;0&#8243;][\/vc_column][\/vc_row][vc_row][vc_column width=&#8221;1\/3&#8243;][\/vc_column][vc_column width=&#8221;1\/3&#8243;][\/vc_column][vc_column width=&#8221;1\/3&#8243;][\/vc_column][\/vc_row][mk_page_section][vc_column][mk_divider][vc_column_text][\/vc_column_text][vc_column_text]\n<h4 style=\"text-align: center;\">KOR\u00c1BBI ESEM\u00c9NYEK<\/h4>\n[\/vc_column_text][\/vc_column][\/mk_page_section][vc_row][vc_column width=&#8221;1\/3&#8243;][mk_image src=&#8221;https:\/\/8thsociodramaconference.com\/wp-content\/uploads\/2024\/04\/FOLD-BIZTONSAGOS-IGAZSAGOS-HASZNALATA.png&#8221; crop=&#8221;false&#8221; custom_url=&#8221;https:\/\/8thsociodramaconference.com\/hu\/focusing-safe-just-earth\/&#8221;][mk_image src=&#8221;https:\/\/8thsociodramaconference.com\/wp-content\/uploads\/2023\/12\/Online-vs-Jelenleti.png&#8221; crop=&#8221;false&#8221; custom_url=&#8221;https:\/\/8thsociodramaconference.com\/hu\/workshop-online-vs-inperson\/&#8221;][\/vc_column][vc_column width=&#8221;1\/3&#8243;][mk_image src=&#8221;https:\/\/8thsociodramaconference.com\/wp-content\/uploads\/2024\/03\/TRANSZGENERACIOS-SZOCIODRAMA.png&#8221; crop=&#8221;false&#8221; custom_url=&#8221;https:\/\/8thsociodramaconference.com\/hu\/transgenerational-sociodrama\/&#8221;][mk_image src=&#8221;https:\/\/8thsociodramaconference.com\/wp-content\/uploads\/2023\/10\/KOZOSSEG-ES-HALOZATEPITES_Dec1-1.png&#8221; crop=&#8221;false&#8221; custom_url=&#8221;https:\/\/8thsociodramaconference.com\/hu\/workshop-network-and-community\/&#8221; align=&#8221;center&#8221;][\/vc_column][vc_column width=&#8221;1\/3&#8243;][mk_image src=&#8221;https:\/\/8thsociodramaconference.com\/wp-content\/uploads\/2024\/01\/Biztonsagerzet-es-reziliencia.png&#8221; crop=&#8221;false&#8221; custom_url=&#8221;https:\/\/8thsociodramaconference.com\/hu\/kreativ-akciomodszerek\/&#8221;][mk_image src=&#8221;https:\/\/8thsociodramaconference.com\/wp-content\/uploads\/2023\/10\/HUN_fbpost_website_program.png&#8221; crop=&#8221;false&#8221; custom_url=&#8221;https:\/\/www.facebook.com\/sociodramaconference\/posts\/pfbid0TwoSR8k5wRsboGEYWL4trzp2Q4hQmH27sVRwMhAiWvyJqbsK5ERhkUsdCMvc49Xql&#8221; target=&#8221;_blank&#8221; align=&#8221;center&#8221;][\/vc_column][\/vc_row]\n<\/section>","protected":false},"excerpt":{"rendered":"<p>[vc_row][vc_column][mk_fancy_title font_family=&#8221;none&#8221;] EL\u0150KONFERENCIA PROGRAMOK [\/mk_fancy_title][mk_padding_divider size=&#8221;20&#8243;][vc_column_text] K\u00d6ZELG\u0150 ESEM\u00c9NYEK [\/vc_column_text][mk_divider margin_top=&#8221;0&#8243;][\/vc_column][\/vc_row][vc_row][vc_column width=&#8221;1\/3&#8243;][\/vc_column][vc_column width=&#8221;1\/3&#8243;][\/vc_column][vc_column width=&#8221;1\/3&#8243;][\/vc_column][\/vc_row][mk_page_section][vc_column][mk_divider][vc_column_text][\/vc_column_text][vc_column_text] KOR\u00c1BBI ESEM\u00c9NYEK [\/vc_column_text][\/vc_column][\/mk_page_section][vc_row][vc_column width=&#8221;1\/3&#8243;][mk_image src=&#8221;https:\/\/8thsociodramaconference.com\/wp-content\/uploads\/2024\/04\/FOLD-BIZTONSAGOS-IGAZSAGOS-HASZNALATA.png&#8221; crop=&#8221;false&#8221; custom_url=&#8221;https:\/\/8thsociodramaconference.com\/hu\/focusing-safe-just-earth\/&#8221;][mk_image src=&#8221;https:\/\/8thsociodramaconference.com\/wp-content\/uploads\/2023\/12\/Online-vs-Jelenleti.png&#8221; crop=&#8221;false&#8221; custom_url=&#8221;https:\/\/8thsociodramaconference.com\/hu\/workshop-online-vs-inperson\/&#8221;][\/vc_column][vc_column width=&#8221;1\/3&#8243;][mk_image src=&#8221;https:\/\/8thsociodramaconference.com\/wp-content\/uploads\/2024\/03\/TRANSZGENERACIOS-SZOCIODRAMA.png&#8221; crop=&#8221;false&#8221; custom_url=&#8221;https:\/\/8thsociodramaconference.com\/hu\/transgenerational-sociodrama\/&#8221;][mk_image src=&#8221;https:\/\/8thsociodramaconference.com\/wp-content\/uploads\/2023\/10\/KOZOSSEG-ES-HALOZATEPITES_Dec1-1.png&#8221; crop=&#8221;false&#8221; custom_url=&#8221;https:\/\/8thsociodramaconference.com\/hu\/workshop-network-and-community\/&#8221; align=&#8221;center&#8221;][\/vc_column][vc_column width=&#8221;1\/3&#8243;][mk_image src=&#8221;https:\/\/8thsociodramaconference.com\/wp-content\/uploads\/2024\/01\/Biztonsagerzet-es-reziliencia.png&#8221; crop=&#8221;false&#8221; custom_url=&#8221;https:\/\/8thsociodramaconference.com\/hu\/kreativ-akciomodszerek\/&#8221;][mk_image src=&#8221;https:\/\/8thsociodramaconference.com\/wp-content\/uploads\/2023\/10\/HUN_fbpost_website_program.png&#8221; crop=&#8221;false&#8221; custom_url=&#8221;https:\/\/www.facebook.com\/sociodramaconference\/posts\/pfbid0TwoSR8k5wRsboGEYWL4trzp2Q4hQmH27sVRwMhAiWvyJqbsK5ERhkUsdCMvc49Xql&#8221; target=&#8221;_blank&#8221; align=&#8221;center&#8221;][\/vc_column][\/vc_row]<\/p>\n","protected":false},"author":1,"featured_media":0,"parent":0,"menu_order":0,"comment_status":"closed","ping_status":"closed","template":"","meta":{"footnotes":""},"class_list":["post-2431","page","type-page","status-publish","hentry"],"_links":{"self":[{"href":"https:\/\/8thsociodramaconference.com\/hu\/wp-json\/wp\/v2\/pages\/2431","targetHints":{"allow":["GET"]}}],"collection":[{"href":"https:\/\/8thsociodramaconference.com\/hu\/wp-json\/wp\/v2\/pages"}],"about":[{"href":"https:\/\/8thsociodramaconference.com\/hu\/wp-json\/wp\/v2\/types\/page"}],"author":[{"embeddable":true,"href":"https:\/\/8thsociodramaconference.com\/hu\/wp-json\/wp\/v2\/users\/1"}],"replies":[{"embeddable":true,"href":"https:\/\/8thsociodramaconference.com\/hu\/wp-json\/wp\/v2\/comments?post=2431"}],"version-history":[{"count":26,"href":"https:\/\/8thsociodramaconference.com\/hu\/wp-json\/wp\/v2\/pages\/2431\/revisions"}],"predecessor-version":[{"id":6775,"href":"https:\/\/8thsociodramaconference.com\/hu\/wp-json\/wp\/v2\/pages\/2431\/revisions\/6775"}],"wp:attachment":[{"href":"https:\/\/8thsociodramaconference.com\/hu\/wp-json\/wp\/v2\/media?parent=2431"}],"curies":[{"name":"wp","href":"https:\/\/api.w.org\/{rel}","templated":true}]}}