{"id":2343,"date":"2023-10-23T22:02:42","date_gmt":"2023-10-23T20:02:42","guid":{"rendered":"https:\/\/8thsociodramaconference.com\/?page_id=2343"},"modified":"2024-02-25T17:30:38","modified_gmt":"2024-02-25T16:30:38","slug":"practical-information","status":"publish","type":"page","link":"https:\/\/8thsociodramaconference.com\/hu\/practical-information\/","title":{"rendered":"Praktikus inform\u00e1ci\u00f3k"},"content":{"rendered":"<section class=\"wpb-content-wrapper\">[vc_row][vc_column][mk_fancy_title font_family=&#8221;none&#8221;]\n<h2>PRAKTIKUS INFORM\u00c1CI\u00d3K<\/h2>\n[\/mk_fancy_title][vc_column_text]\n<h2 class=\"wp-block-heading has-text-align-center\" style=\"text-align: center;\">Fontos d\u00e1tumok \u00e9s hat\u00e1rid\u0151k<\/h2>\n[\/vc_column_text][\/vc_column][\/vc_row][vc_row][vc_column][mk_image src=&#8221;https:\/\/8thsociodramaconference.com\/wp-content\/uploads\/2024\/02\/timing_hun.png&#8221; image_width=&#8221;1016&#8243; image_height=&#8221;650&#8243; crop=&#8221;false&#8221; hover=&#8221;false&#8221; align=&#8221;center&#8221;][vc_separator color=&#8221;black&#8221;][\/vc_column][\/vc_row][vc_row][vc_column][vc_column_text]\n<h2 style=\"text-align: center;\">EL\u0150KONFERENCIA WORKSHOPOK<\/h2>\n[\/vc_column_text][\/vc_column][\/vc_row][vc_row][vc_column width=&#8221;1\/3&#8243;][mk_image src=&#8221;https:\/\/8thsociodramaconference.com\/wp-content\/uploads\/2024\/02\/ONLINE-ELOKONFERENCIA-WORKSHOPOK.png&#8221; crop=&#8221;false&#8221; custom_url=&#8221;https:\/\/8thsociodramaconference.com\/hu\/pre-conference\/&#8221; target=&#8221;_blank&#8221;][\/vc_column][vc_column width=&#8221;1\/3&#8243;][mk_image src=&#8221;https:\/\/8thsociodramaconference.com\/wp-content\/uploads\/2024\/02\/OFFLINE-ELOKONFERENCIA-WORKSHOPOK.png&#8221; crop=&#8221;false&#8221; custom_url=&#8221;https:\/\/8thsociodramaconference.com\/hu\/pre-conference\/&#8221; target=&#8221;_blank&#8221;][\/vc_column][vc_column width=&#8221;1\/3&#8243;][mk_image src=&#8221;https:\/\/8thsociodramaconference.com\/wp-content\/uploads\/2023\/10\/ELOKONFERENCIA-REGISZTRACIO.png&#8221; crop=&#8221;false&#8221; hover=&#8221;false&#8221;][\/vc_column][vc_column][mk_divider][\/vc_column][\/vc_row][vc_row][vc_column][vc_column_text]\n<h2 style=\"text-align: center;\">KONFERENCIA<\/h2>\n[\/vc_column_text][\/vc_column][\/vc_row][vc_row][vc_column width=&#8221;1\/3&#8243;][mk_image src=&#8221;https:\/\/8thsociodramaconference.com\/wp-content\/uploads\/2023\/10\/DATUM.png&#8221; crop=&#8221;false&#8221; hover=&#8221;false&#8221;][mk_image src=&#8221;https:\/\/8thsociodramaconference.com\/wp-content\/uploads\/2023\/10\/REGISZTRACIO-ES-JEGYVASARLAS.png&#8221; crop=&#8221;false&#8221; custom_url=&#8221;https:\/\/8thsociodramaconference.com\/register-here\/&#8221; target=&#8221;_blank&#8221;][mk_image src=&#8221;https:\/\/8thsociodramaconference.com\/wp-content\/uploads\/2023\/10\/KEDVEZMENYEK.png&#8221; crop=&#8221;false&#8221; custom_url=&#8221;https:\/\/8thsociodramaconference.com\/hu\/participation-fees\/&#8221; target=&#8221;_blank&#8221;][mk_image src=&#8221;https:\/\/8thsociodramaconference.com\/wp-content\/uploads\/2023\/10\/SZOBAK.png&#8221; crop=&#8221;false&#8221; custom_url=&#8221;https:\/\/8thsociodramaconference.com\/venue\/&#8221; target=&#8221;_blank&#8221;][mk_image src=&#8221;https:\/\/8thsociodramaconference.com\/wp-content\/uploads\/2023\/10\/ETELRENDELES.png&#8221; crop=&#8221;false&#8221; custom_url=&#8221;https:\/\/8thsociodramaconference.com\/venue\/&#8221; target=&#8221;_blank&#8221;][\/vc_column][vc_column width=&#8221;1\/3&#8243;][mk_image src=&#8221;https:\/\/8thsociodramaconference.com\/wp-content\/uploads\/2023\/10\/HELYSZIN.png&#8221; crop=&#8221;false&#8221; custom_url=&#8221;https:\/\/8thsociodramaconference.com\/hu\/venue\/&#8221; target=&#8221;_blank&#8221;][mk_image src=&#8221;https:\/\/8thsociodramaconference.com\/wp-content\/uploads\/2024\/02\/EARLY-BIRD-1.png&#8221; crop=&#8221;false&#8221; custom_url=&#8221;https:\/\/8thsociodramaconference.com\/hu\/regisztracio\/&#8221; target=&#8221;_blank&#8221;][mk_image src=&#8221;https:\/\/8thsociodramaconference.com\/wp-content\/uploads\/2023\/10\/FIZETES.png&#8221; crop=&#8221;false&#8221; hover=&#8221;false&#8221;][mk_image src=&#8221;https:\/\/8thsociodramaconference.com\/wp-content\/uploads\/2023\/10\/AKADALYMENTESSEG.png&#8221; crop=&#8221;false&#8221; hover=&#8221;false&#8221;][mk_image src=&#8221;https:\/\/8thsociodramaconference.com\/wp-content\/uploads\/2023\/10\/ETELERZEKENYSEG.png&#8221; crop=&#8221;false&#8221; hover=&#8221;false&#8221;][\/vc_column][vc_column width=&#8221;1\/3&#8243;][mk_image src=&#8221;https:\/\/8thsociodramaconference.com\/wp-content\/uploads\/2023\/10\/ONLINE-PROGRAM.png&#8221; crop=&#8221;false&#8221; hover=&#8221;false&#8221;][mk_image src=&#8221;https:\/\/8thsociodramaconference.com\/wp-content\/uploads\/2023\/10\/JEGYTIPUSOK.png&#8221; crop=&#8221;false&#8221; hover=&#8221;false&#8221;][mk_image src=&#8221;https:\/\/8thsociodramaconference.com\/wp-content\/uploads\/2023\/10\/SZALLAS.png&#8221; crop=&#8221;false&#8221; hover=&#8221;false&#8221;][mk_image src=&#8221;https:\/\/8thsociodramaconference.com\/wp-content\/uploads\/2023\/10\/ETTEREM.png&#8221; crop=&#8221;false&#8221; hover=&#8221;false&#8221;][mk_image src=&#8221;https:\/\/8thsociodramaconference.com\/wp-content\/uploads\/2023\/10\/SAJAT-ETEL.png&#8221; crop=&#8221;false&#8221; hover=&#8221;false&#8221;][\/vc_column][\/vc_row]\n<\/section>","protected":false},"excerpt":{"rendered":"<p>[vc_row][vc_column][mk_fancy_title font_family=&#8221;none&#8221;] PRAKTIKUS INFORM\u00c1CI\u00d3K [\/mk_fancy_title][vc_column_text] Fontos d\u00e1tumok \u00e9s hat\u00e1rid\u0151k [\/vc_column_text][\/vc_column][\/vc_row][vc_row][vc_column][mk_image src=&#8221;https:\/\/8thsociodramaconference.com\/wp-content\/uploads\/2024\/02\/timing_hun.png&#8221; image_width=&#8221;1016&#8243; image_height=&#8221;650&#8243; crop=&#8221;false&#8221; hover=&#8221;false&#8221; align=&#8221;center&#8221;][vc_separator color=&#8221;black&#8221;][\/vc_column][\/vc_row][vc_row][vc_column][vc_column_text] EL\u0150KONFERENCIA WORKSHOPOK [\/vc_column_text][\/vc_column][\/vc_row][vc_row][vc_column width=&#8221;1\/3&#8243;][mk_image src=&#8221;https:\/\/8thsociodramaconference.com\/wp-content\/uploads\/2024\/02\/ONLINE-ELOKONFERENCIA-WORKSHOPOK.png&#8221; crop=&#8221;false&#8221; custom_url=&#8221;https:\/\/8thsociodramaconference.com\/hu\/pre-conference\/&#8221; target=&#8221;_blank&#8221;][\/vc_column][vc_column width=&#8221;1\/3&#8243;][mk_image src=&#8221;https:\/\/8thsociodramaconference.com\/wp-content\/uploads\/2024\/02\/OFFLINE-ELOKONFERENCIA-WORKSHOPOK.png&#8221; crop=&#8221;false&#8221; custom_url=&#8221;https:\/\/8thsociodramaconference.com\/hu\/pre-conference\/&#8221; target=&#8221;_blank&#8221;][\/vc_column][vc_column width=&#8221;1\/3&#8243;][mk_image src=&#8221;https:\/\/8thsociodramaconference.com\/wp-content\/uploads\/2023\/10\/ELOKONFERENCIA-REGISZTRACIO.png&#8221; crop=&#8221;false&#8221; hover=&#8221;false&#8221;][\/vc_column][vc_column][mk_divider][\/vc_column][\/vc_row][vc_row][vc_column][vc_column_text] KONFERENCIA [\/vc_column_text][\/vc_column][\/vc_row][vc_row][vc_column width=&#8221;1\/3&#8243;][mk_image src=&#8221;https:\/\/8thsociodramaconference.com\/wp-content\/uploads\/2023\/10\/DATUM.png&#8221; crop=&#8221;false&#8221; hover=&#8221;false&#8221;][mk_image src=&#8221;https:\/\/8thsociodramaconference.com\/wp-content\/uploads\/2023\/10\/REGISZTRACIO-ES-JEGYVASARLAS.png&#8221; crop=&#8221;false&#8221; custom_url=&#8221;https:\/\/8thsociodramaconference.com\/register-here\/&#8221; target=&#8221;_blank&#8221;][mk_image src=&#8221;https:\/\/8thsociodramaconference.com\/wp-content\/uploads\/2023\/10\/KEDVEZMENYEK.png&#8221; crop=&#8221;false&#8221; custom_url=&#8221;https:\/\/8thsociodramaconference.com\/hu\/participation-fees\/&#8221; target=&#8221;_blank&#8221;][mk_image src=&#8221;https:\/\/8thsociodramaconference.com\/wp-content\/uploads\/2023\/10\/SZOBAK.png&#8221; crop=&#8221;false&#8221; custom_url=&#8221;https:\/\/8thsociodramaconference.com\/venue\/&#8221; target=&#8221;_blank&#8221;][mk_image src=&#8221;https:\/\/8thsociodramaconference.com\/wp-content\/uploads\/2023\/10\/ETELRENDELES.png&#8221; crop=&#8221;false&#8221; custom_url=&#8221;https:\/\/8thsociodramaconference.com\/venue\/&#8221; [&hellip;]<\/p>\n","protected":false},"author":1,"featured_media":0,"parent":0,"menu_order":0,"comment_status":"closed","ping_status":"closed","template":"","meta":{"footnotes":""},"class_list":["post-2343","page","type-page","status-publish","hentry"],"_links":{"self":[{"href":"https:\/\/8thsociodramaconference.com\/hu\/wp-json\/wp\/v2\/pages\/2343","targetHints":{"allow":["GET"]}}],"collection":[{"href":"https:\/\/8thsociodramaconference.com\/hu\/wp-json\/wp\/v2\/pages"}],"about":[{"href":"https:\/\/8thsociodramaconference.com\/hu\/wp-json\/wp\/v2\/types\/page"}],"author":[{"embeddable":true,"href":"https:\/\/8thsociodramaconference.com\/hu\/wp-json\/wp\/v2\/users\/1"}],"replies":[{"embeddable":true,"href":"https:\/\/8thsociodramaconference.com\/hu\/wp-json\/wp\/v2\/comments?post=2343"}],"version-history":[{"count":16,"href":"https:\/\/8thsociodramaconference.com\/hu\/wp-json\/wp\/v2\/pages\/2343\/revisions"}],"predecessor-version":[{"id":4894,"href":"https:\/\/8thsociodramaconference.com\/hu\/wp-json\/wp\/v2\/pages\/2343\/revisions\/4894"}],"wp:attachment":[{"href":"https:\/\/8thsociodramaconference.com\/hu\/wp-json\/wp\/v2\/media?parent=2343"}],"curies":[{"name":"wp","href":"https:\/\/api.w.org\/{rel}","templated":true}]}}