{"id":2278,"date":"2023-09-02T20:39:38","date_gmt":"2023-09-02T18:39:38","guid":{"rendered":"https:\/\/8thsociodramaconference.com\/register-here\/"},"modified":"2024-05-15T12:54:21","modified_gmt":"2024-05-15T10:54:21","slug":"regisztracio","status":"publish","type":"page","link":"https:\/\/8thsociodramaconference.com\/hu\/regisztracio\/","title":{"rendered":"Regisztr\u00e1ci\u00f3 \u00e9s jegyv\u00e1s\u00e1rl\u00e1s"},"content":{"rendered":"<section class=\"wpb-content-wrapper\">[vc_section][vc_row][vc_column][mk_fancy_title size=&#8221;40&#8243; line_height=&#8221;50&#8243; font_family=&#8221;none&#8221; margin_bottom=&#8221;40&#8243;]K\u00e9rj\u00fck v\u00e1lassza ki, melyik esem\u00e9nyre szeretne regisztr\u00e1lni \u00e9s jegyet v\u00e1s\u00e1rolni![\/mk_fancy_title][\/vc_column][\/vc_row][\/vc_section][vc_row visibility=&#8221;hidden-sm&#8221; css=&#8221;.vc_custom_1694727531558{padding-top: 0px !important;padding-right: 0px !important;padding-bottom: 0px !important;padding-left: 0px !important;border-radius: 20px !important;}&#8221;][vc_column][vc_column_text]\n<h4 style=\"text-align: center;\"><strong>KONFERENCIA PROGRAMOK<br \/>\n2024. J\u00daNIUS 26-30.<\/strong><\/h4>\n[\/vc_column_text][\/vc_column][\/vc_row][vc_row visibility=&#8221;hidden-sm&#8221; css=&#8221;.vc_custom_1694727540588{padding-top: 0px !important;padding-right: 0px !important;padding-bottom: 0px !important;padding-left: 0px !important;}&#8221;][vc_column width=&#8221;1\/2&#8243;][mk_image src=&#8221;https:\/\/8thsociodramaconference.com\/wp-content\/uploads\/2023\/10\/KONFERENCIA-OFFLINE-PROGRAM-1.png&#8221; crop=&#8221;false&#8221; custom_url=&#8221;https:\/\/8thsociodramaconference.com\/hu\/in-person-tickets\/&#8221;][\/vc_column][vc_column width=&#8221;1\/2&#8243;][mk_image src=&#8221;https:\/\/8thsociodramaconference.com\/wp-content\/uploads\/2023\/10\/KONFERENCIA-ONLINE-PROGRAM-1.png&#8221; crop=&#8221;false&#8221; custom_url=&#8221;https:\/\/8thsociodramaconference.com\/hu\/online-szekcio-jegy\/&#8221;][\/vc_column][\/vc_row][vc_section][vc_row visibility=&#8221;visible-sm&#8221; css=&#8221;.vc_custom_1694727598448{padding-top: 0px !important;padding-right: 0px !important;padding-bottom: 0px !important;padding-left: 0px !important;}&#8221;][vc_column][vc_column_text]\n<h4 style=\"text-align: center;\"><strong>KONFERENCIA PROGRAMOK<br \/>\n2024. J\u00daNIUS 26-30.<\/strong><\/h4>\n[\/vc_column_text][mk_image src=&#8221;https:\/\/8thsociodramaconference.com\/wp-content\/uploads\/2023\/10\/KONFERENCIA-BUDAPESTI-PROGRAMOK.png&#8221; crop=&#8221;false&#8221; custom_url=&#8221;https:\/\/8thsociodramaconference.com\/hu\/in-person-tickets\/&#8221;][mk_image src=&#8221;https:\/\/8thsociodramaconference.com\/wp-content\/uploads\/2023\/10\/KONFERENCIA-ONLINE-PROGRAMOK.png&#8221; crop=&#8221;false&#8221; custom_url=&#8221;https:\/\/8thsociodramaconference.com\/hu\/online-szekcio-jegy\/&#8221;][\/vc_column][\/vc_row][\/vc_section]\n<\/section>","protected":false},"excerpt":{"rendered":"<p>[vc_section][vc_row][vc_column][mk_fancy_title size=&#8221;40&#8243; line_height=&#8221;50&#8243; font_family=&#8221;none&#8221; margin_bottom=&#8221;40&#8243;]K\u00e9rj\u00fck v\u00e1lassza ki, melyik esem\u00e9nyre szeretne regisztr\u00e1lni \u00e9s jegyet v\u00e1s\u00e1rolni![\/mk_fancy_title][\/vc_column][\/vc_row][\/vc_section][vc_row visibility=&#8221;hidden-sm&#8221; css=&#8221;.vc_custom_1694727531558{padding-top: 0px !important;padding-right: 0px !important;padding-bottom: 0px !important;padding-left: 0px !important;border-radius: 20px !important;}&#8221;][vc_column][vc_column_text] KONFERENCIA PROGRAMOK 2024. J\u00daNIUS 26-30. [\/vc_column_text][\/vc_column][\/vc_row][vc_row visibility=&#8221;hidden-sm&#8221; css=&#8221;.vc_custom_1694727540588{padding-top: 0px !important;padding-right: 0px !important;padding-bottom: 0px !important;padding-left: 0px !important;}&#8221;][vc_column width=&#8221;1\/2&#8243;][mk_image src=&#8221;https:\/\/8thsociodramaconference.com\/wp-content\/uploads\/2023\/10\/KONFERENCIA-OFFLINE-PROGRAM-1.png&#8221; crop=&#8221;false&#8221; custom_url=&#8221;https:\/\/8thsociodramaconference.com\/hu\/in-person-tickets\/&#8221;][\/vc_column][vc_column width=&#8221;1\/2&#8243;][mk_image src=&#8221;https:\/\/8thsociodramaconference.com\/wp-content\/uploads\/2023\/10\/KONFERENCIA-ONLINE-PROGRAM-1.png&#8221; crop=&#8221;false&#8221; custom_url=&#8221;https:\/\/8thsociodramaconference.com\/hu\/online-szekcio-jegy\/&#8221;][\/vc_column][\/vc_row][vc_section][vc_row visibility=&#8221;visible-sm&#8221; css=&#8221;.vc_custom_1694727598448{padding-top: 0px !important;padding-right: 0px [&hellip;]<\/p>\n","protected":false},"author":1,"featured_media":0,"parent":0,"menu_order":0,"comment_status":"closed","ping_status":"closed","template":"","meta":{"footnotes":""},"class_list":["post-2278","page","type-page","status-publish","hentry"],"_links":{"self":[{"href":"https:\/\/8thsociodramaconference.com\/hu\/wp-json\/wp\/v2\/pages\/2278","targetHints":{"allow":["GET"]}}],"collection":[{"href":"https:\/\/8thsociodramaconference.com\/hu\/wp-json\/wp\/v2\/pages"}],"about":[{"href":"https:\/\/8thsociodramaconference.com\/hu\/wp-json\/wp\/v2\/types\/page"}],"author":[{"embeddable":true,"href":"https:\/\/8thsociodramaconference.com\/hu\/wp-json\/wp\/v2\/users\/1"}],"replies":[{"embeddable":true,"href":"https:\/\/8thsociodramaconference.com\/hu\/wp-json\/wp\/v2\/comments?post=2278"}],"version-history":[{"count":17,"href":"https:\/\/8thsociodramaconference.com\/hu\/wp-json\/wp\/v2\/pages\/2278\/revisions"}],"predecessor-version":[{"id":6966,"href":"https:\/\/8thsociodramaconference.com\/hu\/wp-json\/wp\/v2\/pages\/2278\/revisions\/6966"}],"wp:attachment":[{"href":"https:\/\/8thsociodramaconference.com\/hu\/wp-json\/wp\/v2\/media?parent=2278"}],"curies":[{"name":"wp","href":"https:\/\/api.w.org\/{rel}","templated":true}]}}