{"id":226,"date":"2023-03-04T14:13:48","date_gmt":"2023-03-04T13:13:48","guid":{"rendered":"https:\/\/8thsociodramaconference.com\/previous-conferences\/"},"modified":"2023-03-05T22:38:06","modified_gmt":"2023-03-05T21:38:06","slug":"previous-conferences","status":"publish","type":"page","link":"https:\/\/8thsociodramaconference.com\/hu\/previous-conferences\/","title":{"rendered":"Kor\u00e1bbi konferenci\u00e1k"},"content":{"rendered":"[mk_page_section][vc_column][mk_fancy_title tag_name=&#8221;h2&#8243; size=&#8221;40&#8243; line_height=&#8221;50&#8243; font_family=&#8221;Oswald&#8221; font_type=&#8221;google&#8221; margin_bottom=&#8221;40&#8243;]<span style=\"font-weight: 400;\">Nemzetk\u00f6zi Szociodr\u00e1ma Konferencia<\/span>[\/mk_fancy_title][vc_column_text responsive_align=&#8221;left&#8221;]<span style=\"font-weight: 400;\">Els\u0151 Nemzetk\u00f6zi Szociodr\u00e1ma Konferencia (2007, Portug\u00e1lia)<\/span><\/p>\n<p><img loading=\"lazy\" decoding=\"async\" class=\"alignnone size-full wp-image-250\" src=\"https:\/\/8thsociodramaconference.com\/wp-content\/uploads\/2023\/03\/first.jpg\" alt=\"\" width=\"960\" height=\"720\" srcset=\"https:\/\/8thsociodramaconference.com\/wp-content\/uploads\/2023\/03\/first.jpg 960w, https:\/\/8thsociodramaconference.com\/wp-content\/uploads\/2023\/03\/first-300x225.jpg 300w, https:\/\/8thsociodramaconference.com\/wp-content\/uploads\/2023\/03\/first-768x576.jpg 768w\" sizes=\"auto, (max-width: 960px) 100vw, 960px\" \/><\/p>\n<p><span style=\"font-weight: 400;\">M\u00e1sodik Nemzetk\u00f6zi Szociodr\u00e1ma Konferencia (2009, Sweden\/Finland)<\/span><\/p>\n<p><a href=\"http:\/\/congressosociodrama.blogspot.com\/2008\/05\/second-international.html\"><span style=\"font-weight: 400;\"><img loading=\"lazy\" decoding=\"async\" class=\"alignnone size-full wp-image-252\" src=\"https:\/\/8thsociodramaconference.com\/wp-content\/uploads\/2023\/03\/second.jpg\" alt=\"\" width=\"481\" height=\"361\" srcset=\"https:\/\/8thsociodramaconference.com\/wp-content\/uploads\/2023\/03\/second.jpg 481w, https:\/\/8thsociodramaconference.com\/wp-content\/uploads\/2023\/03\/second-300x225.jpg 300w\" sizes=\"auto, (max-width: 481px) 100vw, 481px\" \/><\/span><\/a><\/p>\n<p><a href=\"http:\/\/congressosociodrama.blogspot.com\/2008\/05\/second-international.html\"><span style=\"font-weight: 400;\">Olhares Transparentes: The Second International Sociodramaconference (congressosociodrama.blogspot.com)<\/span><\/a><\/p>\n<p>&nbsp;<\/p>\n<p><span style=\"font-weight: 400;\">Harmadik Nemzetk\u00f6zi Szociodr\u00e1ma Konferencia (2010, Argentina)<\/span><\/p>\n<p><img loading=\"lazy\" decoding=\"async\" class=\"alignnone size-full wp-image-254\" src=\"https:\/\/8thsociodramaconference.com\/wp-content\/uploads\/2023\/03\/3th.jpg\" alt=\"\" width=\"960\" height=\"720\" srcset=\"https:\/\/8thsociodramaconference.com\/wp-content\/uploads\/2023\/03\/3th.jpg 960w, https:\/\/8thsociodramaconference.com\/wp-content\/uploads\/2023\/03\/3th-300x225.jpg 300w, https:\/\/8thsociodramaconference.com\/wp-content\/uploads\/2023\/03\/3th-768x576.jpg 768w\" sizes=\"auto, (max-width: 960px) 100vw, 960px\" \/><\/p>\n<p>&nbsp;<\/p>\n<p><span style=\"font-weight: 400;\">Negyedik Nemzetk\u00f6zi Szociodr\u00e1ma Konferencia (2103, Italy)<\/span><\/p>\n<p><img loading=\"lazy\" decoding=\"async\" class=\"alignnone size-full wp-image-240\" src=\"https:\/\/8thsociodramaconference.com\/wp-content\/uploads\/2023\/03\/4th.jpg\" alt=\"\" width=\"960\" height=\"720\" srcset=\"https:\/\/8thsociodramaconference.com\/wp-content\/uploads\/2023\/03\/4th.jpg 960w, https:\/\/8thsociodramaconference.com\/wp-content\/uploads\/2023\/03\/4th-300x225.jpg 300w, https:\/\/8thsociodramaconference.com\/wp-content\/uploads\/2023\/03\/4th-768x576.jpg 768w\" sizes=\"auto, (max-width: 960px) 100vw, 960px\" \/><\/p>\n<p>&nbsp;<\/p>\n<p><span style=\"font-weight: 400;\">\u00d6t\u00f6dik Nemzetkozi Szociodr\u00e1ma Konferencia (2015, Greece)<\/span><\/p>\n<p><img loading=\"lazy\" decoding=\"async\" class=\"alignnone size-full wp-image-248\" src=\"https:\/\/8thsociodramaconference.com\/wp-content\/uploads\/2023\/03\/5th.png\" alt=\"\" width=\"960\" height=\"720\" srcset=\"https:\/\/8thsociodramaconference.com\/wp-content\/uploads\/2023\/03\/5th.png 960w, https:\/\/8thsociodramaconference.com\/wp-content\/uploads\/2023\/03\/5th-300x225.png 300w, https:\/\/8thsociodramaconference.com\/wp-content\/uploads\/2023\/03\/5th-768x576.png 768w\" sizes=\"auto, (max-width: 960px) 100vw, 960px\" \/><\/p>\n<p>&nbsp;<\/p>\n<p><span style=\"font-weight: 400;\">Hatodik Nemzetkozi Szociodr\u00e1ma Konferencia (2017, Braz\u00edlia)<\/span><\/p>\n<p><img loading=\"lazy\" decoding=\"async\" class=\"alignnone size-full wp-image-246\" src=\"https:\/\/8thsociodramaconference.com\/wp-content\/uploads\/2023\/03\/6th.jpg\" alt=\"\" width=\"1131\" height=\"1600\" srcset=\"https:\/\/8thsociodramaconference.com\/wp-content\/uploads\/2023\/03\/6th.jpg 1131w, https:\/\/8thsociodramaconference.com\/wp-content\/uploads\/2023\/03\/6th-300x424.jpg 300w, https:\/\/8thsociodramaconference.com\/wp-content\/uploads\/2023\/03\/6th-212x300.jpg 212w, https:\/\/8thsociodramaconference.com\/wp-content\/uploads\/2023\/03\/6th-724x1024.jpg 724w, https:\/\/8thsociodramaconference.com\/wp-content\/uploads\/2023\/03\/6th-768x1086.jpg 768w, https:\/\/8thsociodramaconference.com\/wp-content\/uploads\/2023\/03\/6th-1086x1536.jpg 1086w\" sizes=\"auto, (max-width: 1131px) 100vw, 1131px\" \/><\/p>\n<p><a href=\"http:\/\/sociodrama2017.blogspot.com\/\"><span style=\"font-weight: 400;\">6th International Sociodrama Conference (sociodrama2017.blogspot.com)<\/span><\/a><\/p>\n<p>&nbsp;<\/p>\n<p>&nbsp;<\/p>\n<p><span style=\"font-weight: 400;\">7th International Sociodrama Conference (2021, Portugal, online)<\/span><\/p>\n<p><img loading=\"lazy\" decoding=\"async\" class=\"alignnone size-full wp-image-244\" src=\"https:\/\/8thsociodramaconference.com\/wp-content\/uploads\/2023\/03\/7th.png\" alt=\"\" width=\"843\" height=\"1193\" srcset=\"https:\/\/8thsociodramaconference.com\/wp-content\/uploads\/2023\/03\/7th.png 843w, https:\/\/8thsociodramaconference.com\/wp-content\/uploads\/2023\/03\/7th-300x425.png 300w, https:\/\/8thsociodramaconference.com\/wp-content\/uploads\/2023\/03\/7th-212x300.png 212w, https:\/\/8thsociodramaconference.com\/wp-content\/uploads\/2023\/03\/7th-724x1024.png 724w, https:\/\/8thsociodramaconference.com\/wp-content\/uploads\/2023\/03\/7th-768x1087.png 768w\" sizes=\"auto, (max-width: 843px) 100vw, 843px\" \/><\/p>\n<p><a href=\"https:\/\/7thsociodramaconference.weebly.com\/\"><span style=\"font-weight: 400;\">7TH INTERNATIONAL SOCIODRAMA CONFERENCE &#8211; home (weebly.com)<\/span><\/a>[\/vc_column_text][\/vc_column][\/mk_page_section]\n","protected":false},"excerpt":{"rendered":"<p>[mk_page_section][vc_column][mk_fancy_title tag_name=&#8221;h2&#8243; size=&#8221;40&#8243; line_height=&#8221;50&#8243; font_family=&#8221;Oswald&#8221; font_type=&#8221;google&#8221; margin_bottom=&#8221;40&#8243;]Nemzetk\u00f6zi Szociodr\u00e1ma Konferencia[\/mk_fancy_title][vc_column_text responsive_align=&#8221;left&#8221;]Els\u0151 Nemzetk\u00f6zi Szociodr\u00e1ma Konferencia (2007, Portug\u00e1lia) M\u00e1sodik Nemzetk\u00f6zi Szociodr\u00e1ma Konferencia (2009, Sweden\/Finland) Olhares Transparentes: The Second International Sociodramaconference (congressosociodrama.blogspot.com) &nbsp; Harmadik Nemzetk\u00f6zi Szociodr\u00e1ma Konferencia (2010, Argentina) &nbsp; Negyedik Nemzetk\u00f6zi Szociodr\u00e1ma Konferencia (2103, Italy) &nbsp; \u00d6t\u00f6dik Nemzetkozi Szociodr\u00e1ma Konferencia (2015, Greece) &nbsp; Hatodik Nemzetkozi Szociodr\u00e1ma Konferencia (2017, [&hellip;]<\/p>\n","protected":false},"author":1,"featured_media":0,"parent":0,"menu_order":0,"comment_status":"closed","ping_status":"closed","template":"","meta":{"footnotes":""},"class_list":["post-226","page","type-page","status-publish","hentry"],"_links":{"self":[{"href":"https:\/\/8thsociodramaconference.com\/hu\/wp-json\/wp\/v2\/pages\/226","targetHints":{"allow":["GET"]}}],"collection":[{"href":"https:\/\/8thsociodramaconference.com\/hu\/wp-json\/wp\/v2\/pages"}],"about":[{"href":"https:\/\/8thsociodramaconference.com\/hu\/wp-json\/wp\/v2\/types\/page"}],"author":[{"embeddable":true,"href":"https:\/\/8thsociodramaconference.com\/hu\/wp-json\/wp\/v2\/users\/1"}],"replies":[{"embeddable":true,"href":"https:\/\/8thsociodramaconference.com\/hu\/wp-json\/wp\/v2\/comments?post=226"}],"version-history":[{"count":5,"href":"https:\/\/8thsociodramaconference.com\/hu\/wp-json\/wp\/v2\/pages\/226\/revisions"}],"predecessor-version":[{"id":257,"href":"https:\/\/8thsociodramaconference.com\/hu\/wp-json\/wp\/v2\/pages\/226\/revisions\/257"}],"wp:attachment":[{"href":"https:\/\/8thsociodramaconference.com\/hu\/wp-json\/wp\/v2\/media?parent=226"}],"curies":[{"name":"wp","href":"https:\/\/api.w.org\/{rel}","templated":true}]}}