{"id":139,"date":"2023-02-25T14:07:09","date_gmt":"2023-02-25T13:07:09","guid":{"rendered":"https:\/\/8thsociodramaconference.com\/venue\/"},"modified":"2023-10-23T20:37:03","modified_gmt":"2023-10-23T18:37:03","slug":"venue","status":"publish","type":"page","link":"https:\/\/8thsociodramaconference.com\/hu\/venue\/","title":{"rendered":"Helysz\u00edn"},"content":{"rendered":"[mk_page_section][vc_column][mk_fancy_title tag_name=&#8221;h2&#8243; size=&#8221;40&#8243; line_height=&#8221;50&#8243; font_family=&#8221;Oswald&#8221; font_type=&#8221;google&#8221; margin_bottom=&#8221;40&#8243;]\n<h2>HELYSZ\u00cdN<\/h2>\n[\/mk_fancy_title][\/vc_column][\/mk_page_section][mk_page_section][vc_column width=&#8221;1\/2&#8243;][vc_column_text responsive_align=&#8221;left&#8221;]\n<h2><span style=\"font-weight: 400;\">Budapesti Eur\u00f3pai Ifj\u00fas\u00e1gi K\u00f6zpont<\/span><\/h2>\n<p>A <a href=\"https:\/\/www.coe.int\/en\/web\/youth\/beik25\" target=\"_blank\" rel=\"noopener\">Budapesti Eur\u00f3pai Ifj\u00fas\u00e1gi K\u00f6zpont<\/a> (BEIK) 1995-ben nyitotta meg a kapuit az Eur\u00f3pa Tan\u00e1cs els\u0151 olyan int\u00e9zm\u00e9nyek\u00e9nt, amely egy, a kor\u00e1bbi vasf\u00fcgg\u00f6nyt\u0151l keletre tal\u00e1lhat\u00f3 orsz\u00e1gban l\u00e9tes\u00fclt.<\/p>\n<p>Min\u0151s\u00e9gi k\u00e9pz\u00e9si programjaival \u00e9s szakmai seg\u00e9danyagaival a BEIK olyan szerte\u00e1gaz\u00f3 tev\u00e9kenys\u00e9get folytat, amely hat\u00e9konyan t\u00e1mogatja az Eur\u00f3pa Tan\u00e1cs ifj\u00fas\u00e1gi szektor\u00e1nak legfontosabb c\u00e9lkit\u0171z\u00e9s\u00e9t: a fiatalok bevon\u00e1s\u00e1t egy befogad\u00f3, igazs\u00e1gos, demokratikus, szolid\u00e1ris \u00e9s \u00e1tl\u00e1that\u00f3 Eur\u00f3pa \u00e9p\u00edt\u00e9s\u00e9be.<\/p>\n<p><strong>Az \u00e9p\u00fclet t\u00e1rgyal\u00f3- \u00e9s konferenciatermeivel, \u00e9tterm\u00e9vel \u00e9s h\u00e1l\u00f3szob\u00e1ival ak\u00e1r 300 f\u0151s rendezv\u00e9nyek lebonyol\u00edt\u00e1s\u00e1ra, \u00e9s 140 sz\u00e1ll\u00f3vend\u00e9g befogad\u00e1s\u00e1ra alkalmas.<\/strong><\/p>\n<p><span style=\"font-weight: 400;\">A BEIK t\u00e1gas <a href=\"https:\/\/www.coe.int\/en\/web\/youth\/eycb-guestrooms\" target=\"_blank\" rel=\"noopener\">h\u00e1l\u00f3szob\u00e1kat<\/a> k\u00edn\u00e1l saj\u00e1t f\u00fcrd\u0151szob\u00e1val \u00e9s erk\u00e9llyel. Az \u00e9p\u00fcletben 65 k\u00e9t\u00e1gyas szoba, 2 <a href=\"https:\/\/www.coe.int\/en\/web\/youth\/eycb-apartments\" target=\"_blank\" rel=\"noopener\">apartman<\/a> \u00e9s 3 <a href=\"https:\/\/www.coe.int\/documents\/10917149\/107963722\/EYCB_guest_room_adapted_2.jpg\/6f90db23-c6ff-da1f-4e92-17d657d0fee3?t=1633609077000\" target=\"_blank\" rel=\"noopener\">kerekessz\u00e9kesek sz\u00e1m\u00e1ra kialak\u00edtott szoba<\/a> tal\u00e1lhat\u00f3, melyek mindegyike t\u00f6r\u00f6lk\u00f6z\u0151vel \u00e9s hipoallerg\u00e9n \u00e1gynem\u0171vel felszerelt,, k\u00e9r\u00e9sre baba\u00e1gy is rendelkez\u00e9sre \u00e1ll.<\/span><\/p>\n<p><span style=\"font-weight: 400;\">A 8. Nemzetk\u00f6zi Szociodr\u00e1ma Konferencia r\u00e9sztvev\u0151i a konferencia jelentkez\u00e9si lapj\u00e1n jelezhetik sz\u00e1ll\u00e1s- \u00e9s \u00e9tkez\u00e9si ig\u00e9ny\u00fcket.<br \/>\n<\/span><\/p>\n<p style=\"text-align: center;\"><strong>SZ\u00c1LL\u00c1S \u00c9S \u00c9TKEZ\u00c9S \u00c1RAK<br \/>\n<\/strong><\/p>\n<table>\n<tbody>\n<tr>\n<td><b>Szobat\u00edpus<\/b><\/td>\n<td><b>Vend\u00e9gek sz\u00e1ma<\/b><\/td>\n<td><b>\u00c1r \/ f\u0151 \/ \u00e9j<\/b><\/td>\n<\/tr>\n<tr>\n<td><span style=\"font-weight: 400;\">K\u00e9t\u00e1gyas szoba<\/span><\/td>\n<td><span style=\"font-weight: 400;\">1 f\u0151<\/span><\/td>\n<td><span style=\"font-weight: 400;\">33.000 Ft<\/span><\/td>\n<\/tr>\n<tr>\n<td><span style=\"font-weight: 400;\">K\u00e9t\u00e1gyas szoba<\/span><\/td>\n<td><span style=\"font-weight: 400;\">2 f\u0151<\/span><\/td>\n<td><span style=\"font-weight: 400;\">18.500 Ft<\/span><\/td>\n<\/tr>\n<\/tbody>\n<\/table>\n<table>\n<tbody>\n<tr>\n<td><b>\u00c9tkez\u00e9s<\/b><\/td>\n<td><b>Norm\u00e1l \/ Veget\u00e1ri\u00e1nus<\/b><\/td>\n<td><b>Veg\u00e1n<\/b><\/td>\n<\/tr>\n<tr>\n<td><span style=\"font-weight: 400;\">Reggeli<\/span><\/td>\n<td><span style=\"font-weight: 400;\">3.700 Ft<\/span><\/td>\n<td><span style=\"font-weight: 400;\">3.700 Ft<\/span><\/td>\n<\/tr>\n<tr>\n<td><span style=\"font-weight: 400;\">Eb\u00e9d<\/span><\/td>\n<td><span style=\"font-weight: 400;\">3.900 Ft<\/span><\/td>\n<td><span style=\"font-weight: 400;\">4.600 Ft<\/span><\/td>\n<\/tr>\n<tr>\n<td><span style=\"font-weight: 400;\">Vacsora<\/span><\/td>\n<td><span style=\"font-weight: 400;\">6.800 Ft<\/span><\/td>\n<td>7.800 Ft<\/td>\n<\/tr>\n<\/tbody>\n<\/table>\n<p><span style=\"font-weight: 400;\">\u00a0<\/span>[\/vc_column_text][vc_gmaps link=&#8221;#E-8_JTNDaWZyYW1lJTIwc3JjJTNEJTIyaHR0cHMlM0ElMkYlMkZ3d3cuZ29vZ2xlLmNvbSUyRm1hcHMlMkZlbWJlZCUzRnBiJTNEJTIxMW0xOCUyMTFtMTIlMjExbTMlMjExZDEwNzc5LjI4MjkzOTQ3NzA1NCUyMTJkMTkuMDI3NDgyODA1NzIwMDE2JTIxM2Q0Ny41MTI4ODIyNzUxNjEzMyUyMTJtMyUyMTFmMCUyMTJmMCUyMTNmMCUyMTNtMiUyMTFpMTAyNCUyMTJpNzY4JTIxNGYxMy4xJTIxM20zJTIxMW0yJTIxMXMweDQ3NDFkZWE4NDdmMWNhMWQlMjUzQTB4NWIwNzgxYTg2MjdhMDM4MiUyMTJzRXVyb3BlYW4lMjUyMFlvdXRoJTI1MjBDZW50cmUlMjE1ZTAlMjEzbTIlMjExc2VuJTIxMnNodSUyMTR2MTY4Njc2ODkxNjkzMyUyMTVtMiUyMTFzZW4lMjEyc2h1JTIyJTIwd2lkdGglM0QlMjI2MDAlMjIlMjBoZWlnaHQlM0QlMjI0NTAlMjIlMjBzdHlsZSUzRCUyMmJvcmRlciUzQTAlM0IlMjIlMjBhbGxvd2Z1bGxzY3JlZW4lM0QlMjIlMjIlMjBsb2FkaW5nJTNEJTIybGF6eSUyMiUyMHJlZmVycmVycG9saWN5JTNEJTIybm8tcmVmZXJyZXItd2hlbi1kb3duZ3JhZGUlMjIlM0UlM0MlMkZpZnJhbWUlM0U=&#8221;][\/vc_column][vc_column width=&#8221;1\/2&#8243;][mk_gallery images=&#8221;435,437,439,441,443,445,447,449,451,453,455,457,459,461,463,465&#8243; image_size=&#8221;large&#8221; column=&#8221;2&#8243; hover_scenarios=&#8221;none&#8221; enable_title=&#8221;false&#8221; item_id=&#8221;1686768968-648a0d4894cdf&#8221;][\/vc_column][\/mk_page_section]\n","protected":false},"excerpt":{"rendered":"<p>[mk_page_section][vc_column][mk_fancy_title tag_name=&#8221;h2&#8243; size=&#8221;40&#8243; line_height=&#8221;50&#8243; font_family=&#8221;Oswald&#8221; font_type=&#8221;google&#8221; margin_bottom=&#8221;40&#8243;] HELYSZ\u00cdN [\/mk_fancy_title][\/vc_column][\/mk_page_section][mk_page_section][vc_column width=&#8221;1\/2&#8243;][vc_column_text responsive_align=&#8221;left&#8221;] Budapesti Eur\u00f3pai Ifj\u00fas\u00e1gi K\u00f6zpont A Budapesti Eur\u00f3pai Ifj\u00fas\u00e1gi K\u00f6zpont (BEIK) 1995-ben nyitotta meg a kapuit az Eur\u00f3pa Tan\u00e1cs els\u0151 olyan int\u00e9zm\u00e9nyek\u00e9nt, amely egy, a kor\u00e1bbi vasf\u00fcgg\u00f6nyt\u0151l keletre tal\u00e1lhat\u00f3 orsz\u00e1gban l\u00e9tes\u00fclt. Min\u0151s\u00e9gi k\u00e9pz\u00e9si programjaival \u00e9s szakmai seg\u00e9danyagaival a BEIK olyan szerte\u00e1gaz\u00f3 tev\u00e9kenys\u00e9get folytat, amely hat\u00e9konyan [&hellip;]<\/p>\n","protected":false},"author":1,"featured_media":0,"parent":0,"menu_order":0,"comment_status":"closed","ping_status":"closed","template":"","meta":{"footnotes":""},"class_list":["post-139","page","type-page","status-publish","hentry"],"_links":{"self":[{"href":"https:\/\/8thsociodramaconference.com\/hu\/wp-json\/wp\/v2\/pages\/139","targetHints":{"allow":["GET"]}}],"collection":[{"href":"https:\/\/8thsociodramaconference.com\/hu\/wp-json\/wp\/v2\/pages"}],"about":[{"href":"https:\/\/8thsociodramaconference.com\/hu\/wp-json\/wp\/v2\/types\/page"}],"author":[{"embeddable":true,"href":"https:\/\/8thsociodramaconference.com\/hu\/wp-json\/wp\/v2\/users\/1"}],"replies":[{"embeddable":true,"href":"https:\/\/8thsociodramaconference.com\/hu\/wp-json\/wp\/v2\/comments?post=139"}],"version-history":[{"count":10,"href":"https:\/\/8thsociodramaconference.com\/hu\/wp-json\/wp\/v2\/pages\/139\/revisions"}],"predecessor-version":[{"id":2396,"href":"https:\/\/8thsociodramaconference.com\/hu\/wp-json\/wp\/v2\/pages\/139\/revisions\/2396"}],"wp:attachment":[{"href":"https:\/\/8thsociodramaconference.com\/hu\/wp-json\/wp\/v2\/media?parent=139"}],"curies":[{"name":"wp","href":"https:\/\/api.w.org\/{rel}","templated":true}]}}