{"id":116,"date":"2023-02-12T17:04:22","date_gmt":"2023-02-12T16:04:22","guid":{"rendered":"https:\/\/8thsociodramaconference.com\/participation-fees\/"},"modified":"2024-05-30T12:20:04","modified_gmt":"2024-05-30T10:20:04","slug":"participation-fees","status":"publish","type":"page","link":"https:\/\/8thsociodramaconference.com\/hu\/participation-fees\/","title":{"rendered":"R\u00e9szv\u00e9teli d\u00edjak"},"content":{"rendered":"<section class=\"wpb-content-wrapper\">[mk_page_section][vc_column][mk_fancy_title tag_name=&#8221;h2&#8243; size=&#8221;40&#8243; line_height=&#8221;50&#8243; font_family=&#8221;Oswald&#8221; font_type=&#8221;google&#8221; margin_bottom=&#8221;40&#8243;]R\u00c9SZV\u00c9TELI D\u00cdJAK[\/mk_fancy_title][\/vc_column][\/mk_page_section][vc_row][vc_column][vc_accordions][vc_accordion_tab icon=&#8221;mk-icon-money&#8221; icon_color=&#8221;#a82719&#8243; title=&#8221;R\u00e9szv\u00e9teli d\u00edjak, sz\u00e1ll\u00e1s \u00e9s \u00e9tkez\u00e9si k\u00f6lts\u00e9gek&#8221;][vc_column_text]Az al\u00e1bbi oldalon, a megfelel\u0151 men\u00fcpontra kattintva tal\u00e1lhat\u00f3ak a VIII. Nemzetk\u00f6zi Szociodr\u00e1ma Konferencia k\u00fcl\u00f6nb\u00f6z\u0151 programjainak r\u00e9szv\u00e9teli d\u00edjai, a 2024. j\u00fanius 26-30-ig megrendez\u00e9sre ker\u00fcl\u0151 f\u0151 konferencia sz\u00e1ll\u00e1s \u00e9s \u00e9tkez\u00e9si k\u00f6lts\u00e9gei.[\/vc_column_text][vc_column_text][\/vc_column_text][\/vc_accordion_tab][vc_accordion_tab icon=&#8221;mk-icon-chevron-down&#8221; icon_color=&#8221;#a82719&#8243; title=&#8221;EL\u0150KONFERENCIA ESEM\u00c9NYEK | Online \u00e9s szem\u00e9lyes r\u00e9szv\u00e9tel\u0171 m\u0171helyek | R\u00e9szv\u00e9teli d\u00edj&#8221;][vc_column_text]\n<h4 style=\"text-align: center;\"><strong>R\u00c9SZV\u00c9TELI D\u00cdJ &#8211; EL\u0150KONFERENCIA<br \/>\n&#8211; HELYSZ\u00cdNI \u00c9S ONLINE WORKSHOP<\/strong><\/h4>\n<p>2023. december 2024. j\u00fanius k\u00f6z\u00f6tt el\u0151konferencia workshopokat tartunk szem\u00e9lyesen (Budapesten) \u00e9s online (a Tele\u2019Drama International egy\u00fcttm\u0171k\u00f6d\u00e9s\u00e9vel), a f\u0151 konferencia t\u00e9mak\u00f6reiben.<\/p>\n<p>A r\u00e9szv\u00e9teli d\u00edj workshop-onk\u00e9nt \u00e9rtend\u0151.<\/p>\n<table>\n<tbody>\n<tr>\n<td colspan=\"2\">\n<p style=\"text-align: center;\"><b>R\u00c9SZV\u00c9TELI D\u00cdJAK<\/b><\/p>\n<\/td>\n<\/tr>\n<tr>\n<td>\n<h6><span style=\"font-weight: 400;\">Workshop T\u00edpusa<\/span><\/h6>\n<\/td>\n<td>\n<h6><span style=\"font-weight: 400;\">\u00c1r \/ Workshop\u00a0<\/span><\/h6>\n<\/td>\n<\/tr>\n<tr>\n<td><span style=\"font-weight: 400;\">Online El\u0151konferencia Workshop<\/span><\/td>\n<td><span style=\"font-weight: 400;\">15.000 Ft<\/span><\/td>\n<\/tr>\n<tr>\n<td><span style=\"font-weight: 400;\">Helysz\u00edni El\u0151konferencia Workshop &#8211; 1 napos<\/span><\/td>\n<td><span style=\"font-weight: 400;\">30.000 Ft<\/span><\/td>\n<\/tr>\n<tr>\n<td><span style=\"font-weight: 400;\">Helysz\u00edni El\u0151konferencia Workshop &#8211; 2 napos<\/span><\/td>\n<td><span style=\"font-weight: 400;\">50.000 Ft<\/span><\/td>\n<\/tr>\n<\/tbody>\n<\/table>\n[\/vc_column_text][\/vc_accordion_tab][vc_accordion_tab icon=&#8221;mk-icon-chevron-down&#8221; icon_color=&#8221;#a82719&#8243; title=&#8221;KONFERENCIA | Szem\u00e9lyes r\u00e9szv\u00e9tel | R\u00e9szv\u00e9teli d\u00edj | J\u00fanius 26-30, Budapest&#8221;][vc_column_text]\n<h4 style=\"text-align: center;\"><strong>R\u00c9SZV\u00c9TELI D\u00cdJ &#8211; F\u0150 KONFERENCIA &#8211; HELYSZ\u00cdNI PROGRAMOK<br \/>\n2024. J\u00fanius 26-30., Budapest<\/strong><\/h4>\n<p>A <strong>r\u00e9szv\u00e9teli d\u00edj mag\u00e1ban foglalja<\/strong>\u00a0az 5 napos konferencia minden szakmai programj\u00e1t:<\/p>\n<ul>\n<li aria-level=\"1\">a Budapesti Eur\u00f3pai Ifj\u00fas\u00e1gi K\u00f6zpontban megval\u00f3sul\u00f3 f\u0151 konferencia programon val\u00f3 r\u00e9szv\u00e9telt<\/li>\n<li aria-level=\"1\">a f\u0151 konferencia programmal p\u00e1rhuzamosan, a helyi k\u00f6z\u00f6ss\u00e9gekben megval\u00f3sul\u00f3 szociodr\u00e1ma esem\u00e9nyeken val\u00f3 r\u00e9szv\u00e9telt.<\/li>\n<li aria-level=\"1\">az online konferenciaelemeken val\u00f3 r\u00e9szv\u00e9telt<\/li>\n<li aria-level=\"1\">a\u00a0 k\u00e1v\u00e9sz\u00fcnetekben bek\u00e9sz\u00edtett k\u00e1veb\u00f3l, frissit\u0151b\u0151l, r\u00e1gcs\u00e1lnival\u00f3b\u00f3l\u00a0 a r\u00e9sztvev\u0151k korl\u00e1tlanul fogyaszthatnak.<\/li>\n<\/ul>\n<p>A <strong>r\u00e9szv\u00e9teli d\u00edj\u00a0 nem tartalmazza:<\/strong><\/p>\n<ul>\n<li>\u00e9tkez\u00e9s<\/li>\n<li>sz\u00e1ll\u00e1s<\/li>\n<li>utaz\u00e1s<\/li>\n<li>a fentiekben fel nem sorolt programok (pl. el\u0151-konferencia, t\u00e1rsas\u00e1gi esem\u00e9nyek) k\u00f6lts\u00e9geit.<\/li>\n<\/ul>\n<p>A r\u00e9szveteli d\u00edjak meg\u00e1llapit\u00e1s\u00e1n\u00e1l a szervez\u0151k igyekeztek minden, a fizet\u0151k\u00e9pess\u00e9get befoly\u00e1sol\u00f3 lehets\u00e9ges t\u00e9nyez\u0151t figyelembe venni, \u00edgy <strong>a konferencia alacsonyabb r\u00e9szv\u00e9teli d\u00edjakat k\u00edn\u00e1l a magyar r\u00e9sztvev\u0151k, a di\u00e1kok, a nyugd\u00edjasok, valamint a k\u00f6zoktat\u00e1sban illetve szoci\u00e1lis ell\u00e1t\u00f3rendszerben dolgoz\u00f3k sz\u00e1m\u00e1ra.<\/strong><\/p>\n<p><strong>\u00d6szt\u00f6ndijakr\u00f3l, csoportkedvezm\u00e9nyekr\u0151l<\/strong> a szervez\u0151kn\u00e9l lehet t\u00e1j\u00e9koz\u00f3dni a <a href=\"mailto:sociodramabudapest@gmail.com\"><strong>sociodramabudapest@gmail.com<\/strong><\/a>\u00a0email c\u00edmen.<\/p>\n<p>A konferencia nonprofit esem\u00e9ny. A r\u00e9szv\u00e9teli d\u00edjak teszik lehet\u0151v\u00e9 az esem\u00e9ny megval\u00f3s\u00edt\u00e1s\u00e1t.<\/p>\n<table>\n<thead>\n<tr>\n<th colspan=\"4\"><b>R\u00c9SZV\u00c9TELI D\u00cdJAK<\/b><\/th>\n<\/tr>\n<\/thead>\n<tbody>\n<tr>\n<td><span style=\"font-weight: 400;\">Jegyt\u00edpusok<\/span><\/td>\n<td><span style=\"font-weight: 400;\">5 napos b\u00e9rlet<\/span><\/p>\n<p><span style=\"font-weight: 400;\">Early bird*<\/span><\/td>\n<td><span style=\"font-weight: 400;\">5 napos b\u00e9rlet<\/span><\/p>\n<p><span style=\"font-weight: 400;\">Norm\u00e1l<\/span><\/td>\n<td><span style=\"font-weight: 400;\">Napijegy<\/span><\/td>\n<\/tr>\n<tr>\n<td><span style=\"font-weight: 400;\">Magyar r\u00e9sztvev\u0151k\u00a0<\/span><\/td>\n<td><span style=\"font-weight: 400;\">75.000 Ft<\/span><\/td>\n<td><span style=\"font-weight: 400;\">80.000 Ft<\/span><\/td>\n<td><span style=\"font-weight: 400;\">25.000 Ft<\/span><\/td>\n<\/tr>\n<tr>\n<td><span style=\"font-weight: 400;\">Magyar el\u0151ad\u00f3k<\/span><\/td>\n<td><span style=\"font-weight: 400;\">60.000 Ft<\/span><\/td>\n<td><span style=\"font-weight: 400;\">60.000 Ft<\/span><\/td>\n<td><span style=\"font-weight: 400;\">20.000 Ft<\/span><\/td>\n<\/tr>\n<tr>\n<td><span style=\"font-weight: 400;\">Kedvezm\u00e9nyes jegyek (di\u00e1k**, nyudg\u00edjas***, a k\u00f6zoktat\u00e1sban \u00e9s a szoci\u00e1lis ell\u00e1t\u00f3rendszerben dolgoz\u00f3k )<\/span><\/td>\n<td><span style=\"font-weight: 400;\">55.000 Ft<\/span><\/td>\n<td><span style=\"font-weight: 400;\">60.000 Ft<\/span><\/td>\n<td><span style=\"font-weight: 400;\">20.000 Ft<\/span><\/td>\n<\/tr>\n<\/tbody>\n<\/table>\n<p><span style=\"font-weight: 400;\">*Az\u00a0<strong>early bird<\/strong>\u00a0jegyek \u00e9rt\u00e9kes\u00edtese\u00a0<strong>2024. m\u00e1rcius 28-ig<\/strong>\u00a0tart.<br \/>\n** Di\u00e1kjegyet ig\u00e9nybe veheti minden akkredit\u00e1lt oktat\u00e1si int\u00e9zm\u00e9ny hallgat\u00f3ja. K\u00e9rj\u00fck a di\u00e1kigazolv\u00e1nyodat hozdd majd magaddal a helysz\u00ednre.<br \/>\n*** Nyugd\u00edjas jegyet azok vehetik ig\u00e9nybe, akik akt\u00edvan nem dolgoznak\/praktiz\u00e1lnak.<br \/>\n<\/span>[\/vc_column_text][\/vc_accordion_tab][vc_accordion_tab icon=&#8221;mk-icon-chevron-down&#8221; icon_color=&#8221;#a82719&#8243; title=&#8221;KONFERENCIA | Sz\u00e1ll\u00e1s | \u00c9tkez\u00e9s | 2024. j\u00fanius 26-30, Budapest&#8221;][vc_column_text]\n<h4 style=\"text-align: center;\"><strong>SZ\u00c1LL\u00c1S \u00c9S \u00c9TKEZ\u00c9S \u00c1RLISTA<\/strong><\/h4>\n<p dir=\"ltr\">A konferencia helysz\u00edne (Budapesti Eur\u00f3pai Ifj\u00fas\u00e1gi K\u00f6zpont), sz\u00e1ll\u00e1st \u00e9s \u00e9tkez\u00e9st k\u00edn\u00e1l a konferencia r\u00e9sztvev\u0151inek.<\/p>\n<p>Szob\u00e1t foglalhat \u00e9s reggelit\/eb\u00e9det\/vacsor\u00e1t rendelhet a konferenci\u00e1ra t\u00f6rt\u00e9n\u0151 regisztr\u00e1ci\u00f3 \u00e9s jegyv\u00e1s\u00e1rl\u00e1s sor\u00e1n.<\/p>\n<p>&nbsp;<\/p>\n<table>\n<tbody>\n<tr>\n<td colspan=\"3\">\n<h5 style=\"text-align: center;\"><b>SZ\u00c1LL\u00c1S<\/b><\/h5>\n<\/td>\n<\/tr>\n<tr>\n<td>\n<h6><b>Szobat\u00edpus<\/b><\/h6>\n<\/td>\n<td>\n<h6>Vend\u00e9gek sz\u00e1ma<\/h6>\n<\/td>\n<td>\n<h6><b>\u00c1r \/ F\u0151 \/ \u00c9j<\/b><\/h6>\n<\/td>\n<\/tr>\n<tr>\n<td><b>Egy \u00e1gyas szoba<\/b><\/td>\n<td><span style=\"font-weight: 400;\">1 f\u0151<\/span><\/td>\n<td><span style=\"font-weight: 400;\">33.000 Ft<\/span><\/td>\n<\/tr>\n<tr>\n<td><b>K\u00e9t \u00e1gyas szoba<\/b><\/td>\n<td><span style=\"font-weight: 400;\">2 f\u0151<\/span><\/td>\n<td><span style=\"font-weight: 400;\">18.500 Ft<\/span><\/td>\n<\/tr>\n<\/tbody>\n<\/table>\n<p dir=\"ltr\"><strong>\u00a0<\/strong><\/p>\n<table>\n<tbody>\n<tr>\n<td colspan=\"3\">\n<h5 style=\"text-align: center;\"><b>\u00c9TKEZ\u00c9S<\/b><\/h5>\n<\/td>\n<\/tr>\n<tr>\n<td>\n<h6><b>\u00a0<\/b><\/h6>\n<\/td>\n<td>\n<h6><b>H\u00fasos \/ Vegetari\u00e1nus<\/b><\/h6>\n<\/td>\n<td>\n<h6><b>Veg\u00e1n<\/b><\/h6>\n<\/td>\n<\/tr>\n<tr>\n<td><b>Reggeli<\/b><\/td>\n<td><span style=\"font-weight: 400;\">3.700 Ft<\/span><\/td>\n<td><span style=\"font-weight: 400;\">3.700 Ft<\/span><\/td>\n<\/tr>\n<tr>\n<td><b>Eb\u00e9d<\/b><\/td>\n<td><span style=\"font-weight: 400;\">3.900 Ft<\/span><\/td>\n<td><span style=\"font-weight: 400;\">4.600 Ft<\/span><\/td>\n<\/tr>\n<tr>\n<td><b>Vacsora<\/b><\/td>\n<td><span style=\"font-weight: 400;\">6.800 Ft<\/span><\/td>\n<td><span style=\"font-weight: 400;\">7.800 Ft<\/span><\/td>\n<\/tr>\n<\/tbody>\n<\/table>\n<p dir=\"ltr\">Reggeli: Sv\u00e9dasztalos reggeli<br \/>\nEb\u00e9d: Sv\u00e9dasztalos hideg eb\u00e9d sal\u00e1t\u00e1kkal, kenc\u00e9kkel<br \/>\nVacsora: El\u0151\u00e9tel, F\u0151\u00e9tel, sal\u00e1tab\u00e1r, friss gy\u00fcm\u00f6lcs, \u00fcd\u00edt\u0151 \/ poh\u00e1r bor<\/p>\n<p>\u00c1rfigyelmeztet\u00e9s: K\u00e9rj\u00fck, vegye figyelembe, hogy a vend\u00e9gl\u00e1t\u00f3hely \u00e1rai gazdas\u00e1gi t\u00e9nyez\u0151k hat\u00e1s\u00e1ra v\u00e1ltozhatnak. Amennyiben a konferencia el\u0151tt az \u00e9tterem \u00fagy d\u00f6nt, hogy emeli az \u00e1rakat, err\u0151l \u00e9rtes\u00edt\u00e9st k\u00fcld\u00fcnk e-mailen.<\/p>\n[\/vc_column_text][\/vc_accordion_tab][vc_accordion_tab icon=&#8221;mk-icon-chevron-down&#8221; icon_color=&#8221;#a82719&#8243; title=&#8221;KONFERENCIA | Online szekci\u00f3 | R\u00e9szv\u00e9teli d\u00edj | 2024. j\u00fanius 26-30., ZOOM&#8221;][vc_column_text]\n<h4 style=\"text-align: center;\"><strong>R\u00c9SZV\u00c9TELI D\u00cdJ &#8211; KONFERENCIA &#8211; ONLINE SZEKCI\u00d3<br \/>\n2024. J\u00fanius 26-30., ZOOM<\/strong><\/h4>\n<p>Azoknak, akik szem\u00e9lyesen nem tudnak csatlakozni a konferenci\u00e1hoz: minden konferencianapon egy meghat\u00e1rozott id\u0151s\u00e1vot szentel\u00fcnk az online programnak.<\/p>\n<p>A f\u0151 konferenciajegyek tartalmazz\u00e1k az online programhoz val\u00f3 hozz\u00e1f\u00e9r\u00e9st is, azonban v\u00e1laszthat\u00f3 a kiz\u00e1r\u00f3lag online programon val\u00f3 r\u00e9szv\u00e9tel.<\/p>\n<p>Az online program\u00a0 a <strong>Tele\u2019Drama International Institute-tal <\/strong>egy\u00fcttm\u0171k\u00f6d\u00e9sben val\u00f3sul meg.<\/p>\n<table>\n<tbody>\n<tr>\n<td colspan=\"3\">\n<p style=\"text-align: center;\"><b>R\u00c9SZV\u00c9TELI D\u00cdJAK<\/b><\/p>\n<\/td>\n<\/tr>\n<tr>\n<td><\/td>\n<td><span style=\"font-weight: 400;\">5 napos b\u00e9rlet<\/span><\/td>\n<td><span style=\"font-weight: 400;\">Napijegy<\/span><\/td>\n<\/tr>\n<tr>\n<td><span style=\"font-weight: 400;\">Magyar r\u00e9sztvev\u0151k<\/span><\/td>\n<td><span style=\"font-weight: 400;\">40.000 Ft<\/span><\/td>\n<td><span style=\"font-weight: 400;\">15.000 Ft<\/span><\/td>\n<\/tr>\n<\/tbody>\n<\/table>\n[\/vc_column_text][vc_column_text][\/vc_column_text][\/vc_accordion_tab][vc_accordion_tab icon=&#8221;mk-icon-chevron-down&#8221; icon_color=&#8221;#a82719&#8243; title=&#8221;SEG\u00cdTS, HOGY MIN\u00c9L T\u00d6BBEN R\u00c9SZT VEHESSENEK!&#8221;][vc_column_text]\n<h4 style=\"text-align: center;\"><strong>T\u00c1MOGASD AZ INKLUZIVIT\u00c1ST!<\/strong><\/h4>\n<h4 style=\"text-align: left;\"><\/h4>\n<p>A konferencia nonprofit esem\u00e9ny. A r\u00e9szv\u00e9teli d\u00edjak teszik lehet\u0151v\u00e9 az esem\u00e9ny megval\u00f3s\u00edt\u00e1s\u00e1t.<\/p>\n<p>T\u00e1mogat\u00f3i jegy v\u00e1s\u00e1rl\u00e1sa\u00a0a szoci\u00e1lis szf\u00e9r\u00e1ban \u00e9s a k\u00f6zoktat\u00e1sban dolgoz\u00f3 koll\u00e9g\u00e1k r\u00e9szv\u00e9tel\u00e9t seg\u00edtik, lehet\u0151v\u00e9 t\u00e9ve bekapcsol\u00f3d\u00e1sukat az esem\u00e9nybe \u00e9s sz\u00e9les\u00edtve a r\u00e9sztvev\u0151k k\u00f6r\u00e9t.<\/p>\n<table>\n<tbody>\n<tr>\n<td colspan=\"5\">\n<p style=\"text-align: center;\"><b>T\u00e1mogat\u00f3i jegyek (m\u00e1sok r\u00e9szv\u00e9tel\u00e9nek t\u00e1mogat\u00e1sa)<\/b><\/p>\n<\/td>\n<\/tr>\n<tr>\n<td><span style=\"font-weight: 400;\">A t\u00e1mogat\u00e1s t\u00edpusa<\/span><\/td>\n<td><span style=\"font-weight: 400;\">Hozz\u00e1j\u00e1rul\u00e1s<\/span><\/td>\n<td><span style=\"font-weight: 400;\">Kis t\u00e1mogat\u00e1s:<\/span><\/p>\n<p><span style=\"font-weight: 400;\">Egy r\u00e9sztvev\u0151 egy napi r\u00e9szv\u00e9tele<\/span><\/td>\n<td><span style=\"font-weight: 400;\">K\u00f6zepes t\u00e1mogat\u00e1s:<\/span><\/p>\n<p><span style=\"font-weight: 400;\">Egy r\u00e9sztvev\u0151 a teljes online programon val\u00f3 r\u00e9szv\u00e9tele<\/span><\/td>\n<td><span style=\"font-weight: 400;\">Nagy t\u00e1mogat\u00e1s:<\/span><\/p>\n<p><span style=\"font-weight: 400;\">Egy r\u00e9sztvev\u0151 teljes konferencia r\u00e9szv\u00e9tele<\/span><\/td>\n<\/tr>\n<tr>\n<td><span style=\"font-weight: 400;\">A t\u00e1mogat\u00e1s \u00f6sszege\u00a0<\/span><\/td>\n<td><span style=\"font-weight: 400;\">3.000 Ft<\/span><\/td>\n<td><span style=\"font-weight: 400;\">10.000 Ft<\/span><\/td>\n<td><span style=\"font-weight: 400;\">20.000 Ft<\/span><\/td>\n<td><span style=\"font-weight: 400;\">40.000 Ft<\/span><\/td>\n<\/tr>\n<\/tbody>\n<\/table>\n[\/vc_column_text][\/vc_accordion_tab][\/vc_accordions][\/vc_column][\/vc_row]\n<\/section>","protected":false},"excerpt":{"rendered":"<p>[mk_page_section][vc_column][mk_fancy_title tag_name=&#8221;h2&#8243; size=&#8221;40&#8243; line_height=&#8221;50&#8243; font_family=&#8221;Oswald&#8221; font_type=&#8221;google&#8221; margin_bottom=&#8221;40&#8243;]R\u00c9SZV\u00c9TELI D\u00cdJAK[\/mk_fancy_title][\/vc_column][\/mk_page_section][vc_row][vc_column][vc_accordions][vc_accordion_tab icon=&#8221;mk-icon-money&#8221; icon_color=&#8221;#a82719&#8243; title=&#8221;R\u00e9szv\u00e9teli d\u00edjak, sz\u00e1ll\u00e1s \u00e9s \u00e9tkez\u00e9si k\u00f6lts\u00e9gek&#8221;][vc_column_text]Az al\u00e1bbi oldalon, a megfelel\u0151 men\u00fcpontra kattintva tal\u00e1lhat\u00f3ak a VIII. Nemzetk\u00f6zi Szociodr\u00e1ma Konferencia k\u00fcl\u00f6nb\u00f6z\u0151 programjainak r\u00e9szv\u00e9teli d\u00edjai, a 2024. j\u00fanius 26-30-ig megrendez\u00e9sre ker\u00fcl\u0151 f\u0151 konferencia sz\u00e1ll\u00e1s \u00e9s \u00e9tkez\u00e9si k\u00f6lts\u00e9gei.[\/vc_column_text][vc_column_text][\/vc_column_text][\/vc_accordion_tab][vc_accordion_tab icon=&#8221;mk-icon-chevron-down&#8221; icon_color=&#8221;#a82719&#8243; title=&#8221;EL\u0150KONFERENCIA ESEM\u00c9NYEK | Online \u00e9s szem\u00e9lyes r\u00e9szv\u00e9tel\u0171 m\u0171helyek | [&hellip;]<\/p>\n","protected":false},"author":1,"featured_media":0,"parent":0,"menu_order":0,"comment_status":"closed","ping_status":"closed","template":"","meta":{"footnotes":""},"class_list":["post-116","page","type-page","status-publish","hentry"],"_links":{"self":[{"href":"https:\/\/8thsociodramaconference.com\/hu\/wp-json\/wp\/v2\/pages\/116","targetHints":{"allow":["GET"]}}],"collection":[{"href":"https:\/\/8thsociodramaconference.com\/hu\/wp-json\/wp\/v2\/pages"}],"about":[{"href":"https:\/\/8thsociodramaconference.com\/hu\/wp-json\/wp\/v2\/types\/page"}],"author":[{"embeddable":true,"href":"https:\/\/8thsociodramaconference.com\/hu\/wp-json\/wp\/v2\/users\/1"}],"replies":[{"embeddable":true,"href":"https:\/\/8thsociodramaconference.com\/hu\/wp-json\/wp\/v2\/comments?post=116"}],"version-history":[{"count":19,"href":"https:\/\/8thsociodramaconference.com\/hu\/wp-json\/wp\/v2\/pages\/116\/revisions"}],"predecessor-version":[{"id":8068,"href":"https:\/\/8thsociodramaconference.com\/hu\/wp-json\/wp\/v2\/pages\/116\/revisions\/8068"}],"wp:attachment":[{"href":"https:\/\/8thsociodramaconference.com\/hu\/wp-json\/wp\/v2\/media?parent=116"}],"curies":[{"name":"wp","href":"https:\/\/api.w.org\/{rel}","templated":true}]}}